{"id":233,"date":"2020-02-08T18:46:41","date_gmt":"2020-02-08T18:46:41","guid":{"rendered":"https:\/\/www.decorento.ee\/pood\/?page_id=233"},"modified":"2020-09-23T19:15:28","modified_gmt":"2020-09-23T16:15:28","slug":"privaatsuspoliitika","status":"publish","type":"page","link":"https:\/\/www.decorento.ee\/pood\/privaatsuspoliitika\/","title":{"rendered":"Privaatsuspoliitika"},"content":{"rendered":"\n<div id=\"ez-toc-container\" class=\"ez-toc-v2_0_82_2 counter-hierarchy ez-toc-counter ez-toc-grey ez-toc-container-direction\">\n<p class=\"ez-toc-title\" style=\"cursor:inherit\">Table of Contents<\/p>\n<label for=\"ez-toc-cssicon-toggle-item-69f3c8cf5ec53\" class=\"ez-toc-cssicon-toggle-label\"><span class=\"\"><span class=\"eztoc-hide\" style=\"display:none;\">Toggle<\/span><span class=\"ez-toc-icon-toggle-span\"><svg style=\"fill: #999;color:#999\" xmlns=\"http:\/\/www.w3.org\/2000\/svg\" class=\"list-377408\" width=\"20px\" height=\"20px\" viewBox=\"0 0 24 24\" fill=\"none\"><path d=\"M6 6H4v2h2V6zm14 0H8v2h12V6zM4 11h2v2H4v-2zm16 0H8v2h12v-2zM4 16h2v2H4v-2zm16 0H8v2h12v-2z\" fill=\"currentColor\"><\/path><\/svg><svg style=\"fill: #999;color:#999\" class=\"arrow-unsorted-368013\" xmlns=\"http:\/\/www.w3.org\/2000\/svg\" width=\"10px\" height=\"10px\" viewBox=\"0 0 24 24\" version=\"1.2\" baseProfile=\"tiny\"><path d=\"M18.2 9.3l-6.2-6.3-6.2 6.3c-.2.2-.3.4-.3.7s.1.5.3.7c.2.2.4.3.7.3h11c.3 0 .5-.1.7-.3.2-.2.3-.5.3-.7s-.1-.5-.3-.7zM5.8 14.7l6.2 6.3 6.2-6.3c.2-.2.3-.5.3-.7s-.1-.5-.3-.7c-.2-.2-.4-.3-.7-.3h-11c-.3 0-.5.1-.7.3-.2.2-.3.5-.3.7s.1.5.3.7z\"\/><\/svg><\/span><\/span><\/label><input type=\"checkbox\"  id=\"ez-toc-cssicon-toggle-item-69f3c8cf5ec53\"  aria-label=\"Toggle\" \/><nav><ul class='ez-toc-list ez-toc-list-level-1 ' ><li class='ez-toc-page-1 ez-toc-heading-level-2'><a class=\"ez-toc-link ez-toc-heading-1\" href=\"https:\/\/www.decorento.ee\/pood\/privaatsuspoliitika\/#Privaatsuspoliitika\" >Privaatsuspoliitika<\/a><ul class='ez-toc-list-level-3' ><li class='ez-toc-heading-level-3'><a class=\"ez-toc-link ez-toc-heading-2\" href=\"https:\/\/www.decorento.ee\/pood\/privaatsuspoliitika\/#Isikuandmete_kogumine_ja_kasutamine\" >Isikuandmete\nkogumine ja kasutamine<\/a><ul class='ez-toc-list-level-4' ><li class='ez-toc-heading-level-4'><a class=\"ez-toc-link ez-toc-heading-3\" href=\"https:\/\/www.decorento.ee\/pood\/privaatsuspoliitika\/#Isikuandmete_edastamine\" >Isikuandmete edastamine<\/a><\/li><li class='ez-toc-page-1 ez-toc-heading-level-4'><a class=\"ez-toc-link ez-toc-heading-4\" href=\"https:\/\/www.decorento.ee\/pood\/privaatsuspoliitika\/#Isukuandmete_kaitse\" >Isukuandmete kaitse<\/a><\/li><\/ul><\/li><li class='ez-toc-page-1 ez-toc-heading-level-3'><a class=\"ez-toc-link ez-toc-heading-5\" href=\"https:\/\/www.decorento.ee\/pood\/privaatsuspoliitika\/#Turvalisus\" >Turvalisus<\/a><\/li><li class='ez-toc-page-1 ez-toc-heading-level-3'><a class=\"ez-toc-link ez-toc-heading-6\" href=\"https:\/\/www.decorento.ee\/pood\/privaatsuspoliitika\/#Privaatsuspoliitika_tingimused_ja_muudatused\" >Privaatsuspoliitika\ntingimused ja muudatused<\/a><\/li><\/ul><\/li><\/ul><\/nav><\/div>\n<h2 class=\"wp-block-heading\"><span class=\"ez-toc-section\" id=\"Privaatsuspoliitika\"><\/span>Privaatsuspoliitika<span class=\"ez-toc-section-end\"><\/span><\/h2>\n\n\n\n<p>Veebilehe ja&nbsp;rendikeskkonna\nwww.decorento.ee isikuandmete vastutav t\u00f6\u00f6tleja on Voolmar O\u00dc (registrikood\n11137512) aadressiga Peetri 28, Tartu, tel (+372)55581413 ja e-post\ninfo@decorento.ee&nbsp;<\/p>\n\n\n\n<p>Oleme v\u00f5tnud endale kohustuse\nkaitsta klientide ja rendikeskkonna kasutajate privaatsust ja sellest l\u00e4htuvalt\noleme koostanud privaatsuspoliitika p\u00f5him\u00f5tted, mis k\u00e4sitlevad kliendi andmete\nkogumist, kasutamist, avaldamist, edastamist ja s\u00e4ilitamist. Meie tegevus\ninternetis on koosk\u00f5las k\u00f5igi asjakohaste tegevuste ja vastavate Euroopa Liidu\n\u00f5igusaktide ja Eesti Vabariigi seadustega.<\/p>\n\n\n\n<h3 class=\"wp-block-heading\"><span class=\"ez-toc-section\" id=\"Isikuandmete_kogumine_ja_kasutamine\"><\/span>Isikuandmete\nkogumine ja kasutamine<span class=\"ez-toc-section-end\"><\/span><\/h3>\n\n\n\n<ul class=\"wp-block-list\"><li>Isikuandmed on andmed, mida Voolmar O\u00dc kogub \u00fcksikisiku tuvastamiseks, temaga \u00fchenduse v\u00f5tmiseks., rendikeskkonna kaudu teenuse pakkumiseks, tellimuste kohaletoimetamise tagamiseks ning kliendi ees v\u00f5etud kohustuste t\u00e4itmiseks. Kliendi isikuandmetena k\u00e4sitleme kontaktandmeid, t\u00e4psemalt kliendi nimi, ettev\u00f5tte nimi, postiaadress, telefoninumber, e-posti aadress.<\/li><li>Isikuandmete kogumine v\u00f5ib toimuda kliendi n\u00f5usolekul j\u00e4rgnevatel viisidel: kontaktandmete (sh teie nimi,&nbsp; telefoninumber, e-posti aadress) esitamisel meie veebilehel, sh ankeedi t\u00e4itmisel; veebi- ja rendikeskkonna kasutamisel kliendi kontoinfost v\u00f5i k\u00fcpsiste (cookies) kaudu ; tellimuse sooritamisel meie rendikeskkonnas (e-pood v\u00f5ib paluda teatud veebi- ja rendikeskkonna aladel vabatahtlikult esitada isikuandmeid ja personaalset informatsiooni. N\u00f5utavad isikuandmed v\u00f5ivad sisaldada nime, aadressi, postiindeksit, e-posti aadressi ja telefoninumbrit)<\/li><li>Rendiajaloo andmeid (ostukuup\u00e4ev, kaup, kogus, kliendi andmed) kasutatakse renditud kaupade ja teenuste \u00fclevaate koostamiseks ning kliendieelistuste anal\u00fc\u00fcsimiseks.<\/li><li>Pangakonto numbrit kasutatakse kliendile maksete tagastamiseks.<\/li><li>Isikuandmeid nagu e-post, telefoni nr, kliendi nimi, t\u00f6\u00f6deldakse selleks, et lahendada kaupade ja teenuste osutamise seonduvaid k\u00fcsimusi (klienditugi).<\/li><li>Isikustamata andmeid kasutatakse selleks, et kaardistada enim huvipakkuvad tooted ja teenused meie veebilehel.<\/li><li>Veebi- ja rendikeskkonna kasutaja IP-aadressi v\u00f5i teisi v\u00f5rguidentifikaatoreid t\u00f6\u00f6deldakse veebipoe kui info\u00fchiskonna teenuse osutamiseks ning veebikasutusstatistika tegemiseks<\/li><li>Isikuandmete t\u00f6\u00f6tlemine toimub kliendiga s\u00f5lmitud lepingu t\u00e4itmise eesm\u00e4rgil ja juriidilise kohustuse t\u00e4itmiseks (nt raamatupidamine ja tarbijavaidluste lahendamine).<\/li><\/ul>\n\n\n\n<h4 class=\"wp-block-heading\"><span class=\"ez-toc-section\" id=\"Isikuandmete_edastamine\"><\/span><strong>Isikuandmete edastamine<\/strong><span class=\"ez-toc-section-end\"><\/span><\/h4>\n\n\n\n<ul class=\"wp-block-list\"><li>Isikuandmed edastatakse veebi- ja rendikeskkonna klienditoele\nostude ja ostuajaloo haldamiseks ja kliendiprobleemide lahendamiseks.<\/li><li>Nimi, telefoninumber ja e-posti aadress edastatakse kliendi poolt\nvalitud transporditeenuse pakkujale. Kui tegemist on kulleriga kohale\ntoimetatava kaubaga, siis edastatakse lisaks kontaktandmetele ka kliendi\naadress.<\/li><li>Isikuandmeid v\u00f5idakse edastada infotehnoloogia teenuste\npakkujatele, kui see on vajalik veebi- ja rendikeskkonna funktsionaalsuse v\u00f5i\nandmemajutuse tagamiseks.<\/li><\/ul>\n\n\n\n<h4 class=\"wp-block-heading\"><span class=\"ez-toc-section\" id=\"Isukuandmete_kaitse\"><\/span><strong>Isukuandmete kaitse<\/strong><span class=\"ez-toc-section-end\"><\/span><\/h4>\n\n\n\n<ul class=\"wp-block-list\"><li>Voolmar O\u00dc rakendab k\u00f5iki ettevaatusabin\u00f5usid, sealhulgas nii\nadministratiivseid kui tehnilisi, et kaitsta kliendi isikuandmeid. Juurdep\u00e4\u00e4s\nandmete muutmiseks ja t\u00f6\u00f6tlemiseks on ainult selleks volitatud isikutel.<\/li><\/ul>\n\n\n\n<h3 class=\"wp-block-heading\"><span class=\"ez-toc-section\" id=\"Turvalisus\"><\/span>Turvalisus<span class=\"ez-toc-section-end\"><\/span><\/h3>\n\n\n\n<ul class=\"wp-block-list\"><li>Voolmar O\u00dc rendikeskkonnast sooritatud tellimuste k\u00e4igus kogutud\nisikuandmeid k\u00e4sitletakse kui konfidentsiaalset infot. Kr\u00fcpteeritud\nandmesidekanal pankadega tagab ostu sooritaja isikuandmete ja pangarekvisiitide\nturvalisuse<\/li><\/ul>\n\n\n\n<h3 class=\"wp-block-heading\"><span class=\"ez-toc-section\" id=\"Privaatsuspoliitika_tingimused_ja_muudatused\"><\/span>Privaatsuspoliitika\ntingimused ja muudatused<span class=\"ez-toc-section-end\"><\/span><\/h3>\n\n\n\n<ul class=\"wp-block-list\"><li>Isikuandmetega saab tutvuda ja teha parandusi klienditoe\nvahendusel. <\/li><li>Kliendil on \u00f5igus isikundmete t\u00f6\u00f6tlemise n\u00f5usolek tagasi v\u00f5tta\nteavitades sellest kliendituge e-posti teel.<\/li><li>Isikuandmete kustutamiseks tuleb v\u00f5tta \u00fchendust klienditoega\ne-posti teel. Kustutamistaotlusele vastatakse mitte hiljem kui kuu aja jooksul\nning t\u00e4psustakse andmete kustutamise perioodi.<\/li><li>Voolmar O\u00dc j\u00e4tab endale \u00f5iguse privaatsuspoliitika tingimusi\nmuuta, teavitades sellest oma kliente.<\/li><li>Privaatsuspoliitika tekkivate k\u00fcsimustega palume p\u00f6\u00f6rduda e-posti\naadressil info@decorento.ee<\/li><\/ul>\n","protected":false},"excerpt":{"rendered":"<p>Privaatsuspoliitika Veebilehe ja&nbsp;rendikeskkonna www.decorento.ee isikuandmete vastutav t\u00f6\u00f6tleja on Voolmar O\u00dc (registrikood 11137512) aadressiga Peetri 28, Tartu, tel (+372)55581413 ja e-post info@decorento.ee&nbsp; Oleme v\u00f5tnud endale kohustuse kaitsta<span class=\"excerpt-hellip\"> [\u2026]<\/span><\/p>\n","protected":false},"author":2,"featured_media":0,"parent":0,"menu_order":0,"comment_status":"closed","ping_status":"closed","template":"","meta":{"footnotes":""},"class_list":["post-233","page","type-page","status-publish","hentry"],"_links":{"self":[{"href":"https:\/\/www.decorento.ee\/pood\/wp-json\/wp\/v2\/pages\/233","targetHints":{"allow":["GET"]}}],"collection":[{"href":"https:\/\/www.decorento.ee\/pood\/wp-json\/wp\/v2\/pages"}],"about":[{"href":"https:\/\/www.decorento.ee\/pood\/wp-json\/wp\/v2\/types\/page"}],"author":[{"embeddable":true,"href":"https:\/\/www.decorento.ee\/pood\/wp-json\/wp\/v2\/users\/2"}],"replies":[{"embeddable":true,"href":"https:\/\/www.decorento.ee\/pood\/wp-json\/wp\/v2\/comments?post=233"}],"version-history":[{"count":4,"href":"https:\/\/www.decorento.ee\/pood\/wp-json\/wp\/v2\/pages\/233\/revisions"}],"predecessor-version":[{"id":1119,"href":"https:\/\/www.decorento.ee\/pood\/wp-json\/wp\/v2\/pages\/233\/revisions\/1119"}],"wp:attachment":[{"href":"https:\/\/www.decorento.ee\/pood\/wp-json\/wp\/v2\/media?parent=233"}],"curies":[{"name":"wp","href":"https:\/\/api.w.org\/{rel}","templated":true}]}}