{"id":1558,"date":"2021-01-25T00:25:17","date_gmt":"2021-01-24T22:25:17","guid":{"rendered":"https:\/\/www.decorento.ee\/pood\/?post_type=product&#038;p=1558"},"modified":"2022-01-19T16:54:59","modified_gmt":"2022-01-19T14:54:59","slug":"kimp-uinuvatest-oitest-ja-taimedest-miia","status":"publish","type":"product","link":"https:\/\/www.decorento.ee\/pood\/toode\/kimp-uinuvatest-oitest-ja-taimedest-miia\/","title":{"rendered":"Lillekimp uinuvatest \u00f5itest ja taimedest MIIA"},"content":{"rendered":"<p class=\"p1\">Stabiliseeritud taimedest kimbud p\u00fcsivad ilusana aastaid, tehes neist imelised kodusisustuselemendid, meenutamaks kingiandjat ja olulist p\u00e4eva aastateks.<\/p>\n<p>Kimp on saadaval kolmes suuruses:<br \/>\nS suurus (u 50 cm x 25 cm) MIIA 27\u20ac<br \/>\nM suurus (u 60 cm x 25 cm) MIKA 37\u20ac<br \/>\nL suurus (u 75 cm x 35 cm) MILANA 47\u20ac<\/p>\n<p class=\"p1\"><span style=\"vertical-align: inherit;\">Oma kimpudes ja seadetes kasutame k\u00f5rgekvaliteedilisi stabiliseeritud lilli ja taimi Jaapani \u00fchelt k\u00f5ige tuntumalt ja pikema ajalooga uinuvate taimede tootjalt. Uinuvate ehk stabiliseeritud taimede n\u00e4ol on tegemist naturaalsete elustaimedega, mille t\u00f6\u00f6tlemisel on kasutatud spetsiaalset tehnoloogiat, mis tagab taimede pikaaegse s\u00e4ilimise, v\u00e4rskuse ja kauni v\u00e4limuse lausa aastateks. Stabiliseeritud lillede ja taimede keskmine eluiga on 3-5 aastat.\u00a0<\/span><\/p>\n<p>Hinna sisse kuulub kimbu pakendamine transpordiks, soovi korral saab lisatasu eest pakendada ka kingitusena.<\/p>\n<p class=\"p1\"><span style=\"vertical-align: inherit;\">HOOLDAMISJUHEND<\/span><\/p>\n<ul class=\"ul1\">\n<li class=\"li1\"><span style=\"vertical-align: inherit;\">V\u00e4ltige vee sattumist taimedele, lehtedele v\u00f5i hoiuanumasse (lillealus, vaas vm)<\/span><\/li>\n<li class=\"li1\"><span style=\"vertical-align: inherit;\">V\u00e4ltige otsest p\u00e4ikesevalgust ning \u00e4rge hoidke taimi aknalaual<\/span><\/li>\n<li class=\"li1\"><span style=\"vertical-align: inherit;\">\u00c4rge hoidke stabiliseeritud taimi k\u00f5rge \u00f5huniiskusega ruumides (vannitoad, saunad, basseinid jne). Optimaalne \u00f5huniiskus peaks olema alla 80%<\/span><\/li>\n<li class=\"li1\"><span style=\"vertical-align: inherit;\">Optimaalne toatemperatuur peaks j\u00e4\u00e4ma vahemikku +5 kuni + 35 \u00b0. Samuti on soovitatav v\u00e4ltida j\u00e4rske temperatuurimuutusi<\/span><\/li>\n<li class=\"li1\"><span style=\"vertical-align: inherit;\">Soovi korral saab aeg-ajalt tolmu p\u00fchkida f\u00f6\u00f6ni k\u00fclma \u00f5hu funktsiooniga<\/span><\/li>\n<li class=\"li1\"><span style=\"vertical-align: inherit;\">Proovige v\u00f5imalusel taimi mitte katsuda<\/span><\/li>\n<li class=\"li1\"><span style=\"vertical-align: inherit;\">Stabiliseeritud \u00f5itel v\u00f5ivad tootmise erip\u00e4ra t\u00f5ttu olla kroonlehtedes kortsud ja praod. Seda ei peeta toote defektiks<\/span><\/li>\n<\/ul>\n","protected":false},"excerpt":{"rendered":"<p class=\"p1\">Valgetes ja punastes toonides minimalistlik lillekimp uinuvatest \u00f5itest ja taimedest. Luksuslik kingitus valentinip\u00e4evaks, s\u00fcnnip\u00e4evaks v\u00f5i muuks oluliseks s\u00fcndmuseks. Stiilne interj\u00f6\u00f6rikimp s\u00e4ilib kaunis aastaid ning meenutab kinkijat kaua!<\/p>\n<p><strong>NB!<\/strong> Vajadusel saame aidata ka stiilse keraamilise vaasi valimisega.<\/p>\n<p>Hinna sisse kuulub kimbu pakendamine transpordiks, soovi korral saab lisatasu eest pakendada ka kingitusena.<br \/>\nKullerteenus Tartu piires 7\u20ac.<\/p>\n","protected":false},"featured_media":1562,"template":"","meta":[],"product_brand":[],"product_cat":[105],"product_tag":[],"class_list":{"0":"post-1558","1":"product","2":"type-product","3":"status-publish","4":"has-post-thumbnail","6":"product_cat-uinuvadkimbud","8":"first","9":"onbackorder","10":"taxable","11":"shipping-taxable","12":"purchasable","13":"product-type-simple"},"_links":{"self":[{"href":"https:\/\/www.decorento.ee\/pood\/wp-json\/wp\/v2\/product\/1558","targetHints":{"allow":["GET"]}}],"collection":[{"href":"https:\/\/www.decorento.ee\/pood\/wp-json\/wp\/v2\/product"}],"about":[{"href":"https:\/\/www.decorento.ee\/pood\/wp-json\/wp\/v2\/types\/product"}],"wp:featuredmedia":[{"embeddable":true,"href":"https:\/\/www.decorento.ee\/pood\/wp-json\/wp\/v2\/media\/1562"}],"wp:attachment":[{"href":"https:\/\/www.decorento.ee\/pood\/wp-json\/wp\/v2\/media?parent=1558"}],"wp:term":[{"taxonomy":"product_brand","embeddable":true,"href":"https:\/\/www.decorento.ee\/pood\/wp-json\/wp\/v2\/product_brand?post=1558"},{"taxonomy":"product_cat","embeddable":true,"href":"https:\/\/www.decorento.ee\/pood\/wp-json\/wp\/v2\/product_cat?post=1558"},{"taxonomy":"product_tag","embeddable":true,"href":"https:\/\/www.decorento.ee\/pood\/wp-json\/wp\/v2\/product_tag?post=1558"}],"curies":[{"name":"wp","href":"https:\/\/api.w.org\/{rel}","templated":true}]}}