{"id":1697,"date":"2021-01-30T01:54:07","date_gmt":"2021-01-29T23:54:07","guid":{"rendered":"https:\/\/www.decorento.ee\/pood\/?post_type=product&#038;p=1697"},"modified":"2026-02-10T12:31:32","modified_gmt":"2026-02-10T10:31:32","slug":"lilleseade-japonika","status":"publish","type":"product","link":"https:\/\/www.decorento.ee\/pood\/toode\/lilleseade-japonika\/","title":{"rendered":"Lilleseade uinuvate taimedega &#8216;JAPONIKA&#8217;"},"content":{"rendered":"<p><span style=\"vertical-align: inherit;\">Minimalistlik, modernne ja omap\u00e4rane seade s<\/span><span style=\"font-weight: 400;\">obib ideaalselt meeldej\u00e4\u00e4vaks kingituseks ja silmapaistvaks kodusisustuselemendiks. <\/span><\/p>\n<p class=\"p1\"><span style=\"vertical-align: inherit;\">Oma kimpudes, seadetes ja ehtedes kasutame k\u00f5rgkvaliteedseid stabiliseeritud lilli ja taimi Jaapani \u00fchelt k\u00f5ige tuntumalt ja pikema ajalooga uinuvate taimede tootjalt. Uinuvate ehk stabiliseeritud taimede n\u00e4ol on tegemist naturaalsete elustaimedega, mille t\u00f6\u00f6tlemisel on kasutatud spetsiaalset tehnoloogiat, mis tagab taimede pikaaegse s\u00e4ilimise, v\u00e4rskuse ja kauni v\u00e4limuse lausa aastateks. Stabiliseeritud lillede ja taimede keskmine eluiga on 3-5 aastat.\u00a0<\/span><\/p>\n<h3 class=\"p1\"><span style=\"vertical-align: inherit;\">LILLESEADE KAUAS\u00c4ILIVATE LILLEDEGA: HOOLDAMISJUHEND<\/span><\/h3>\n<ul class=\"ul1\">\n<li class=\"li1\"><span style=\"vertical-align: inherit;\">V\u00e4ltige vee sattumist taimedele, lehtedele v\u00f5i hoiuanumasse (lillealus, vaas vm)<\/span><\/li>\n<li class=\"li1\"><span style=\"vertical-align: inherit;\">V\u00e4ltige otsest p\u00e4ikesevalgust ning \u00e4rge hoidke taimi aknalaual<\/span><\/li>\n<li class=\"li1\"><span style=\"vertical-align: inherit;\">\u00c4rge hoidke stabiliseeritud taimi k\u00f5rge \u00f5huniiskusega ruumides (vannitoad, saunad, basseinid jne). Optimaalne \u00f5huniiskus peaks olema alla 80%<\/span><\/li>\n<li class=\"li1\"><span style=\"vertical-align: inherit;\">Optimaalne toatemperatuur peaks j\u00e4\u00e4ma vahemikku +5 kuni + 35 \u00b0. Samuti on soovitatav v\u00e4ltida j\u00e4rske temperatuurimuutusi<\/span><\/li>\n<li class=\"li1\"><span style=\"vertical-align: inherit;\">Soovi korral saab aeg-ajalt tolmu p\u00fchkida f\u00f6\u00f6ni k\u00fclma \u00f5hu funktsiooniga<\/span><\/li>\n<li class=\"li1\"><span style=\"vertical-align: inherit;\">Proovige v\u00f5imalusel taimi mitte katsuda<\/span><\/li>\n<li class=\"li1\"><span style=\"vertical-align: inherit;\">Stabiliseeritud \u00f5itel v\u00f5ivad tootmise erip\u00e4ra t\u00f5ttu olla kroonlehtedes kortsud ja praod. Seda ei peeta toote defektiks<\/span><\/li>\n<\/ul>\n<h3><\/h3>\n","protected":false},"excerpt":{"rendered":"<p class=\"p1\"><span style=\"vertical-align: inherit;\"><span style=\"vertical-align: inherit;\">Stabiliseeritud lilledest ja taimedest lilleseade moodsas vaasis, saadaval kahes suuruses. <\/span><\/span><span style=\"vertical-align: inherit;\">Kuldsetes toonides lilleseades on erinevad stabiliseeritud ja kuldseks v\u00e4rvitud taimed ja palmilehed, lootose \u00f5is ja eukal\u00fcpt. Must v\u00f5i bee\u017e keraamiline anum kuulub komplekti.\u00a0<\/span><\/p>\n<p class=\"p1\"><span style=\"vertical-align: inherit;\"><span style=\"vertical-align: inherit;\">M suurus: lilleseade m\u00f5\u00f5dud 25 cm x 30 cm \/ keraamika m\u00f5\u00f5dud 20 cm x 20 cm<\/span><\/span><\/p>\n<p>Hinna sisse kuulub seade pakendamine transpordiks, soovi korral saab lisatasu eest pakendada ka kingitusena. V\u00f5imalik saatmine pakiautomaadiga.<\/p>\n<p class=\"p1\"><strong>PANE T\u00c4HELE:<\/strong><\/p>\n<ul>\n<li class=\"p1\"><strong>Olenevalt ekraani seadetest v\u00f5ivad reaalsed toonid pildist veidi erineda.\u00a0<\/strong><\/li>\n<li class=\"p1\"><strong>Isegi siis, kui kasutame samu materjale, iga kompositsioon on k\u00e4sit\u00f6\u00f6, seega<span class=\"Apple-converted-space\">\u00a0\u00a0<\/span>see v\u00f5ib veidi erineda pildist. <\/strong><\/li>\n<li class=\"p1\"><strong><span class=\"Apple-converted-space\">Tellimuse t\u00f6\u00f6tlemine ja v\u00e4ljasaatmine v\u00f5tab aega kuni 3 t\u00f6\u00f6p\u00e4eva.\u00a0<\/span><\/strong><\/li>\n<\/ul>\n","protected":false},"featured_media":1698,"template":"","meta":[],"product_brand":[],"product_cat":[99],"product_tag":[],"class_list":{"0":"post-1697","1":"product","2":"type-product","3":"status-publish","4":"has-post-thumbnail","6":"product_cat-uinuvadseaded","8":"first","9":"outofstock","10":"taxable","11":"shipping-taxable","12":"purchasable","13":"product-type-simple"},"_links":{"self":[{"href":"https:\/\/www.decorento.ee\/pood\/wp-json\/wp\/v2\/product\/1697","targetHints":{"allow":["GET"]}}],"collection":[{"href":"https:\/\/www.decorento.ee\/pood\/wp-json\/wp\/v2\/product"}],"about":[{"href":"https:\/\/www.decorento.ee\/pood\/wp-json\/wp\/v2\/types\/product"}],"wp:featuredmedia":[{"embeddable":true,"href":"https:\/\/www.decorento.ee\/pood\/wp-json\/wp\/v2\/media\/1698"}],"wp:attachment":[{"href":"https:\/\/www.decorento.ee\/pood\/wp-json\/wp\/v2\/media?parent=1697"}],"wp:term":[{"taxonomy":"product_brand","embeddable":true,"href":"https:\/\/www.decorento.ee\/pood\/wp-json\/wp\/v2\/product_brand?post=1697"},{"taxonomy":"product_cat","embeddable":true,"href":"https:\/\/www.decorento.ee\/pood\/wp-json\/wp\/v2\/product_cat?post=1697"},{"taxonomy":"product_tag","embeddable":true,"href":"https:\/\/www.decorento.ee\/pood\/wp-json\/wp\/v2\/product_tag?post=1697"}],"curies":[{"name":"wp","href":"https:\/\/api.w.org\/{rel}","templated":true}]}}