{"id":1912,"date":"2021-02-09T00:09:36","date_gmt":"2021-02-08T22:09:36","guid":{"rendered":"https:\/\/www.decorento.ee\/pood\/?post_type=product&#038;p=1912"},"modified":"2022-10-26T17:37:29","modified_gmt":"2022-10-26T14:37:29","slug":"kimp-scandinaviamidi","status":"publish","type":"product","link":"https:\/\/www.decorento.ee\/pood\/toode\/kimp-scandinaviamidi\/","title":{"rendered":"Kimp &#8216;SCANDINAVIA MIDI&#8217; uinuvate lilledega"},"content":{"rendered":"<p class=\"p1\"><span style=\"vertical-align: inherit\">Oma kimpudes ja seadetes kasutame k\u00f5rgkvaliteedseid stabiliseeritud lilli ja taimi Jaapani \u00fchelt k\u00f5ige tuntumalt ja pikema ajalooga uinuvate taimede tootjalt. Uinuvate ehk stabiliseeritud taimede n\u00e4ol on tegemist naturaalsete elustaimedega, mille t\u00f6\u00f6tlemisel on kasutatud spetsiaalset tehnoloogiat, mis tagab taimede pikaaegse s\u00e4ilimise, v\u00e4rskuse ja kauni v\u00e4limuse lausa aastateks. Uinuvate lillede ja taimede keskmine eluiga on 3-5 aastat.<\/span><\/p>\n<h2 class=\"p1\"><span style=\"vertical-align: inherit\">KIMP UINUVATE LILLEDEGA: HOOLDAMISJUHEND<\/span><\/h2>\n<ul class=\"ul1\">\n<li class=\"li1\"><span style=\"vertical-align: inherit\">V\u00e4ltige vee sattumist taimedele, lehtedele v\u00f5i hoiuanumasse (lillealus, vaas vm)<\/span><\/li>\n<li class=\"li1\"><span style=\"vertical-align: inherit\">V\u00e4ltige otsest p\u00e4ikesevalgust ning \u00e4rge hoidke taimi aknalaual<\/span><\/li>\n<li class=\"li1\"><span style=\"vertical-align: inherit\">\u00c4rge hoidke stabiliseeritud taimi k\u00f5rge \u00f5huniiskusega ruumides (vannitoad, saunad, basseinid jne). Optimaalne \u00f5huniiskus peaks olema alla 80%<\/span><\/li>\n<li class=\"li1\"><span style=\"vertical-align: inherit\">Optimaalne toatemperatuur peaks j\u00e4\u00e4ma vahemikku +5 kuni + 35 \u00b0. Samuti on soovitatav v\u00e4ltida j\u00e4rske temperatuurimuutusi<\/span><\/li>\n<li class=\"li1\"><span style=\"vertical-align: inherit\">Soovi korral saab aeg-ajalt tolmu p\u00fchkida f\u00f6\u00f6ni k\u00fclma \u00f5hu funktsiooniga<\/span><\/li>\n<li class=\"li1\"><span style=\"vertical-align: inherit\">Proovige v\u00f5imalusel taimi mitte katsuda<\/span><\/li>\n<li class=\"li1\"><span style=\"vertical-align: inherit\">Stabiliseeritud \u00f5itel v\u00f5ivad tootmise erip\u00e4ra t\u00f5ttu olla kroonlehtedes kortsud ja praod. Seda ei peeta toote defektiks<\/span><\/li>\n<\/ul>\n","protected":false},"excerpt":{"rendered":"<p class=\"p1\">Kargetes, valgetes, hallikates ja helesinistes toonides interj\u00f6\u00f6rikimp uinuvatest taimedest ja lilledest. Minimalistlik, Skandinaavia stiilist inspireeritud kimp sobib kaunistama igat kodu!<\/p>\n<p>Kimbu m\u00f5\u00f5t: 60 cm x 20 cm \/ V\u00e4rv: helesinine valgega ja hall valgega<\/p>\n<p>Hinna sisse kuulub seade pakendamine transpordiks, soovi korral saab lisatasu eest pakendada ka kingitusena. V\u00f5imalik saatmine pakiautomaadiga.<\/p>\n<p class=\"p1\"><strong>PANE T\u00c4HELE:<\/strong><\/p>\n<ul>\n<li class=\"p1\"><strong>Olenevalt ekraani seadetest v\u00f5ivad reaalsed toonid pildist veidi erineda.\u00a0<\/strong><\/li>\n<li class=\"p1\"><strong>Isegi siis, kui kasutame samu materjale, iga kompositsioon on k\u00e4sit\u00f6\u00f6, seega<span class=\"Apple-converted-space\">\u00a0\u00a0<\/span>see v\u00f5ib veidi erineda pildist. <\/strong><\/li>\n<li class=\"p1\"><strong><span class=\"Apple-converted-space\">Tellimuse t\u00f6\u00f6tlemine ja v\u00e4ljasaatmine v\u00f5tab aega kuni 3 t\u00f6\u00f6p\u00e4eva.\u00a0<\/span><\/strong><\/li>\n<\/ul>\n","protected":false},"featured_media":1896,"template":"","meta":[],"product_brand":[],"product_cat":[105],"product_tag":[],"class_list":{"0":"post-1912","1":"product","2":"type-product","3":"status-publish","4":"has-post-thumbnail","6":"product_cat-uinuvadkimbud","8":"first","9":"onbackorder","10":"taxable","11":"shipping-taxable","12":"purchasable","13":"product-type-variable"},"_links":{"self":[{"href":"https:\/\/www.decorento.ee\/pood\/wp-json\/wp\/v2\/product\/1912","targetHints":{"allow":["GET"]}}],"collection":[{"href":"https:\/\/www.decorento.ee\/pood\/wp-json\/wp\/v2\/product"}],"about":[{"href":"https:\/\/www.decorento.ee\/pood\/wp-json\/wp\/v2\/types\/product"}],"wp:featuredmedia":[{"embeddable":true,"href":"https:\/\/www.decorento.ee\/pood\/wp-json\/wp\/v2\/media\/1896"}],"wp:attachment":[{"href":"https:\/\/www.decorento.ee\/pood\/wp-json\/wp\/v2\/media?parent=1912"}],"wp:term":[{"taxonomy":"product_brand","embeddable":true,"href":"https:\/\/www.decorento.ee\/pood\/wp-json\/wp\/v2\/product_brand?post=1912"},{"taxonomy":"product_cat","embeddable":true,"href":"https:\/\/www.decorento.ee\/pood\/wp-json\/wp\/v2\/product_cat?post=1912"},{"taxonomy":"product_tag","embeddable":true,"href":"https:\/\/www.decorento.ee\/pood\/wp-json\/wp\/v2\/product_tag?post=1912"}],"curies":[{"name":"wp","href":"https:\/\/api.w.org\/{rel}","templated":true}]}}