{"id":1981,"date":"2021-02-12T23:23:54","date_gmt":"2021-02-12T21:23:54","guid":{"rendered":"https:\/\/www.decorento.ee\/pood\/?post_type=product&#038;p=1981"},"modified":"2026-02-09T14:20:50","modified_gmt":"2026-02-09T12:20:50","slug":"pruudikimp-boholilac","status":"publish","type":"product","link":"https:\/\/www.decorento.ee\/pood\/toode\/pruudikimp-boholilac\/","title":{"rendered":"Pruudikimp &#8216;BOHO LILAC&#8217; uinuvatest lilledest"},"content":{"rendered":"<p class=\"p1\"><span style=\"vertical-align: inherit;\">Oma kimpudes ja seadetes kasutame k\u00f5rgkvaliteedseid stabiliseeritud lilli ja taimi Jaapani \u00fchelt k\u00f5ige tuntumalt ja pikema ajalooga uinuvate taimede tootjalt. Uinuvate ehk stabiliseeritud taimede n\u00e4ol on tegemist naturaalsete elustaimedega, mille t\u00f6\u00f6tlemisel on kasutatud spetsiaalset tehnoloogiat, mis tagab taimede pikaaegse s\u00e4ilimise, v\u00e4rskuse ja kauni v\u00e4limuse lausa aastateks. Stabiliseeritud lillede ja taimede keskmine eluiga on 3-5 aastat.\u00a0<\/span><\/p>\n<p class=\"p1\"><strong><span style=\"vertical-align: inherit;\">PRUUDIKIMP UINUVATE LILLEDEGA: HOOLDAMISJUHEND<\/span><\/strong><\/p>\n<ul class=\"ul1\">\n<li class=\"li1\"><span style=\"vertical-align: inherit;\">V\u00e4ltige vee sattumist taimedele, lehtedele v\u00f5i hoiuanumasse (lillealus, vaas vm)<\/span><\/li>\n<li class=\"li1\"><span style=\"vertical-align: inherit;\">V\u00e4ltige otsest p\u00e4ikesevalgust ning \u00e4rge hoidke taimi aknalaual<\/span><\/li>\n<li class=\"li1\"><span style=\"vertical-align: inherit;\">\u00c4rge hoidke stabiliseeritud taimi k\u00f5rge \u00f5huniiskusega ruumides (vannitoad, saunad, basseinid jne). Optimaalne \u00f5huniiskus peaks olema alla 80%<\/span><\/li>\n<li class=\"li1\"><span style=\"vertical-align: inherit;\">Optimaalne toatemperatuur peaks j\u00e4\u00e4ma vahemikku +5 kuni + 35 \u00b0. Samuti on soovitatav v\u00e4ltida j\u00e4rske temperatuurimuutusi<\/span><\/li>\n<li class=\"li1\"><span style=\"vertical-align: inherit;\">Soovi korral saab aeg-ajalt tolmu p\u00fchkida f\u00f6\u00f6ni k\u00fclma \u00f5hu funktsiooniga<\/span><\/li>\n<li class=\"li1\"><span style=\"vertical-align: inherit;\">Proovige v\u00f5imalusel taimi mitte katsuda<\/span><\/li>\n<li class=\"li1\"><span style=\"vertical-align: inherit;\">Stabiliseeritud \u00f5itel v\u00f5ivad tootmise erip\u00e4ra t\u00f5ttu olla kroonlehtedes kortsud ja praod. Seda ei peeta toote defektiks<\/span><\/li>\n<\/ul>\n","protected":false},"excerpt":{"rendered":"<p class=\"p1\">Stabiliseeritud lilledest pruudikimp neile, kellele meeldib trendikas ja teistmoodi lahendus! Boho stiilis kimp uinuvatest lilledest valgete palmilehtede, rooside, hortensia, kr\u00fcsanteemi, pampa, k\u00f5rrelistega ja lillade detailidega on stiilne ja maitsekas alternatiiv tavap\u00e4rasele pruudikimbule.<\/p>\n<p>Kimbu m\u00f5\u00f5dud: k\u00f5rgus u 38 cm, l\u00e4bim\u00f5\u00f5t u 27 cm<\/p>\n<p class=\"p1\"><strong>Miks valida pruudikimp just uinuvatest lilledest?<\/strong><br \/>\n\u25fd\ufe0fKui registreerimine ja pulmap\u00e4ev on erinevatel p\u00e4evadel, siis pole vaja teist kimpu tellida.<br \/>\n\u25fd\ufe0fEi pea kartma, et lilled n\u00e4rtsivad pildistamise, tseremoonia ja pulmap\u00e4eva ajal.<br \/>\n\u25fd\ufe0f Pruudikimp on m\u00e4lestuseks pulmap\u00e4evast ka mitu aastat hiljem. Kui j\u00e4lgid lihtsaid s\u00e4ilitusreegleid, siis saad seda t\u00f5siselt kaua imetleda.<\/p>\n<p>V\u00f5imalik soetada koos <a href=\"https:\/\/www.decorento.ee\/pood\/toode\/rinnanoel-mingle-uinuvatelillidega\/\">rinnan\u00f5elaga(LINK)<\/a>.<\/p>\n<p><strong>PANE T\u00c4HELE:<\/strong><\/p>\n<ul>\n<li><strong>Olenevalt ekraani seadetest v\u00f5ivad reaalsed toonid pildist veidi erineda. <\/strong><\/li>\n<li><strong>Pane t\u00e4hele, et isegi siis, kui kasutame samu materjale, iga kompositsioon on k\u00e4sit\u00f6\u00f6, seega\u00a0\u00a0see v\u00f5ib veidi erineda pildist.<\/strong><\/li>\n<li><strong> Tellimuse t\u00f6\u00f6tlemine ja v\u00e4ljasaatmine v\u00f5tab aega kuni 3 t\u00f6\u00f6p\u00e4eva.<\/strong><\/li>\n<\/ul>\n<p>Hinna sisse kuulub toote pakendamine transpordiks, pakendamine kingitusena lisatasu eest. Kohaletoimetamine pakiautomaatidesse \u00fcle Eesti.<\/p>\n","protected":false},"featured_media":4287,"template":"","meta":[],"product_brand":[],"product_cat":[127,134],"product_tag":[],"class_list":{"0":"post-1981","1":"product","2":"type-product","3":"status-publish","4":"has-post-thumbnail","6":"product_cat-erihind","7":"product_cat-pulmad","9":"first","10":"instock","11":"sale","12":"taxable","13":"shipping-taxable","14":"purchasable","15":"product-type-simple"},"_links":{"self":[{"href":"https:\/\/www.decorento.ee\/pood\/wp-json\/wp\/v2\/product\/1981","targetHints":{"allow":["GET"]}}],"collection":[{"href":"https:\/\/www.decorento.ee\/pood\/wp-json\/wp\/v2\/product"}],"about":[{"href":"https:\/\/www.decorento.ee\/pood\/wp-json\/wp\/v2\/types\/product"}],"wp:featuredmedia":[{"embeddable":true,"href":"https:\/\/www.decorento.ee\/pood\/wp-json\/wp\/v2\/media\/4287"}],"wp:attachment":[{"href":"https:\/\/www.decorento.ee\/pood\/wp-json\/wp\/v2\/media?parent=1981"}],"wp:term":[{"taxonomy":"product_brand","embeddable":true,"href":"https:\/\/www.decorento.ee\/pood\/wp-json\/wp\/v2\/product_brand?post=1981"},{"taxonomy":"product_cat","embeddable":true,"href":"https:\/\/www.decorento.ee\/pood\/wp-json\/wp\/v2\/product_cat?post=1981"},{"taxonomy":"product_tag","embeddable":true,"href":"https:\/\/www.decorento.ee\/pood\/wp-json\/wp\/v2\/product_tag?post=1981"}],"curies":[{"name":"wp","href":"https:\/\/api.w.org\/{rel}","templated":true}]}}