{"id":2050,"date":"2021-02-22T13:58:56","date_gmt":"2021-02-22T11:58:56","guid":{"rendered":"https:\/\/www.decorento.ee\/pood\/?post_type=product&#038;p=2050"},"modified":"2022-01-05T17:01:34","modified_gmt":"2022-01-05T15:01:34","slug":"kimp-uinuvatest-oitest-ja-taimedest-lianida","status":"publish","type":"product","link":"https:\/\/www.decorento.ee\/pood\/toode\/kimp-uinuvatest-oitest-ja-taimedest-lianida\/","title":{"rendered":"Kimp uinuvatest \u00f5itest ja taimedest LIANIDA"},"content":{"rendered":"<p>Stabiliseeritud taimedest kimbud p\u00fcsivad ilusana aastaid, t\u00e4nu millele on need imelised kodusisustuselemendid, meenutamaks kingiandjat ja olulist p\u00e4eva aastateks.<\/p>\n<p class=\"p1\"><span style=\"vertical-align: inherit;\">Oma kimpudes ja seadetes kasutame k\u00f5rgekvaliteedilisi stabiliseeritud lilli ja taimi Jaapani \u00fchelt k\u00f5ige tuntumalt ja pikema ajalooga uinuvate taimede tootjalt. Uinuvate ehk stabiliseeritud taimede n\u00e4ol on tegemist naturaalsete elustaimedega, mille t\u00f6\u00f6tlemisel on kasutatud spetsiaalset tehnoloogiat, mis tagab taimede pikaaegse s\u00e4ilimise, v\u00e4rskuse ja kauni v\u00e4limuse lausa aastateks. Stabiliseeritud lillede ja taimede keskmine eluiga on 3-5 aastat.\u00a0<\/span><\/p>\n<p>Hinna sisse kuulub kimbu pakendamine transpordiks, soovi korral saab lisatasu eest pakendada ka kingitusena.<\/p>\n<p class=\"p1\"><span style=\"vertical-align: inherit;\">HOOLDAMISJUHEND<\/span><\/p>\n<ul class=\"ul1\">\n<li class=\"li1\"><span style=\"vertical-align: inherit;\">V\u00e4ltige vee sattumist taimedele, lehtedele v\u00f5i hoiuanumasse (lillealus, vaas vm)<\/span><\/li>\n<li class=\"li1\"><span style=\"vertical-align: inherit;\">V\u00e4ltige otsest p\u00e4ikesevalgust ning \u00e4rge hoidke taimi aknalaual<\/span><\/li>\n<li class=\"li1\"><span style=\"vertical-align: inherit;\">\u00c4rge hoidke stabiliseeritud taimi k\u00f5rge \u00f5huniiskusega ruumides (vannitoad, saunad, basseinid jne). Optimaalne \u00f5huniiskus peaks olema alla 80%<\/span><\/li>\n<li class=\"li1\"><span style=\"vertical-align: inherit;\">Optimaalne toatemperatuur peaks j\u00e4\u00e4ma vahemikku +5 kuni + 35 \u00b0. Samuti on soovitatav v\u00e4ltida j\u00e4rske temperatuurimuutusi<\/span><\/li>\n<li class=\"li1\"><span style=\"vertical-align: inherit;\">Soovi korral saab aeg-ajalt tolmu p\u00fchkida f\u00f6\u00f6ni k\u00fclma \u00f5hu funktsiooniga<\/span><\/li>\n<li class=\"li1\"><span style=\"vertical-align: inherit;\">Proovige v\u00f5imalusel taimi mitte katsuda<\/span><\/li>\n<li class=\"li1\"><span style=\"vertical-align: inherit;\">Stabiliseeritud \u00f5itel v\u00f5ivad tootmise erip\u00e4ra t\u00f5ttu olla kroonlehtedes kortsud ja praod. Seda ei peeta toote defektiks<\/span><\/li>\n<\/ul>\n<p><strong>NB!<\/strong> Vajadusel saame aidata ka stiilse keraamilise vaasi valimisega<\/p>\n<p>Hinna sisse kuulub kimbu pakendamine transpordiks, soovi korral saab lisatasu eest pakendada ka kingitusena.<\/p>\n","protected":false},"excerpt":{"rendered":"<p class=\"p1\">Romantiline kimp uinuvatest \u00f5itest ja taimedest on \u00fchtaegu metsik ja elegantne. Kimbus on naturaalsed elustaimed nagu magavad roosid, stabiliseeritud k\u00f5rrelised ja muud imeilusad detailid. \u00d5ige hooldusega s\u00e4ilib kimp aastaid. Ideaalne kingituseks kallile inimesele ja erilise s\u00fcndmuse t\u00e4histamiseks.<\/p>\n<p class=\"p1\">Kimbu m\u00f5\u00f5t: 30 cm x 20 cm<\/p>\n<p>PS! Olenevalt ekraani v\u00e4rviseadetest v\u00f5ivad toonid p\u00e4riselus veidi erineda.<\/p>\n<p>&nbsp;<\/p>\n","protected":false},"featured_media":2051,"template":"","meta":[],"product_brand":[],"product_cat":[105],"product_tag":[],"class_list":{"0":"post-2050","1":"product","2":"type-product","3":"status-publish","4":"has-post-thumbnail","6":"product_cat-uinuvadkimbud","8":"first","9":"outofstock","10":"taxable","11":"shipping-taxable","12":"purchasable","13":"product-type-simple"},"_links":{"self":[{"href":"https:\/\/www.decorento.ee\/pood\/wp-json\/wp\/v2\/product\/2050","targetHints":{"allow":["GET"]}}],"collection":[{"href":"https:\/\/www.decorento.ee\/pood\/wp-json\/wp\/v2\/product"}],"about":[{"href":"https:\/\/www.decorento.ee\/pood\/wp-json\/wp\/v2\/types\/product"}],"wp:featuredmedia":[{"embeddable":true,"href":"https:\/\/www.decorento.ee\/pood\/wp-json\/wp\/v2\/media\/2051"}],"wp:attachment":[{"href":"https:\/\/www.decorento.ee\/pood\/wp-json\/wp\/v2\/media?parent=2050"}],"wp:term":[{"taxonomy":"product_brand","embeddable":true,"href":"https:\/\/www.decorento.ee\/pood\/wp-json\/wp\/v2\/product_brand?post=2050"},{"taxonomy":"product_cat","embeddable":true,"href":"https:\/\/www.decorento.ee\/pood\/wp-json\/wp\/v2\/product_cat?post=2050"},{"taxonomy":"product_tag","embeddable":true,"href":"https:\/\/www.decorento.ee\/pood\/wp-json\/wp\/v2\/product_tag?post=2050"}],"curies":[{"name":"wp","href":"https:\/\/api.w.org\/{rel}","templated":true}]}}