{"id":2295,"date":"2021-04-03T01:38:11","date_gmt":"2021-04-02T22:38:11","guid":{"rendered":"https:\/\/www.decorento.ee\/pood\/?post_type=product&#038;p=2295"},"modified":"2022-01-29T11:24:02","modified_gmt":"2022-01-29T09:24:02","slug":"pulmakomplekt-freya","status":"publish","type":"product","link":"https:\/\/www.decorento.ee\/pood\/toode\/pulmakomplekt-freya\/","title":{"rendered":"Pulmakomplekt &#8216;FREYA&#8217;"},"content":{"rendered":"<p>PS! Olenevalt ekraani v\u00e4rviseadetest v\u00f5ivad toonid p\u00e4riselus veidi erineda.<\/p>\n<p>Stabiliseeritud taimed p\u00fcsivad ilusana aastaid, t\u00e4nu millele on neid kasutades v\u00f5imalik valmistada imelisi kimpe, kodukaunistusi ja ehteid, mis j\u00e4\u00e4vad olulist p\u00e4eva meenutama pikaks ajaks.<\/p>\n<p class=\"p1\"><span style=\"vertical-align: inherit;\">Oma kimpudes ja seadetes kasutame k\u00f5rgekvaliteedseid stabiliseeritud lilli ja taimi Jaapani \u00fchelt k\u00f5ige tuntumalt ja pikema ajalooga uinuvate taimede tootjalt. Uinuvate ehk stabiliseeritud taimede n\u00e4ol on tegemist naturaalsete elustaimedega, mille t\u00f6\u00f6tlemisel on kasutatud spetsiaalset tehnoloogiat, mis tagab taimede pikaaegse s\u00e4ilimise, v\u00e4rskuse ja kauni v\u00e4limuse lausa aastateks. Stabiliseeritud lillede ja taimede keskmine eluiga on 3-5 aastat.\u00a0<\/span><\/p>\n<p>Hinna sisse kuulub kimbu pakendamine transpordiks, soovi korral saab lisatasu eest pakendada ka kingitusena.<\/p>\n<h3 class=\"p1\"><span style=\"vertical-align: inherit;\">HOOLDAMISJUHEND<\/span><\/h3>\n<ul class=\"ul1\">\n<li class=\"li1\"><span style=\"vertical-align: inherit;\">V\u00e4ltige vee sattumist taimedele, lehtedele v\u00f5i hoiuanumasse (lillealus, vaas vm)<\/span><\/li>\n<li class=\"li1\"><span style=\"vertical-align: inherit;\">V\u00e4ltige otsest p\u00e4ikesevalgust ning \u00e4rge hoidke taimi aknalaual<\/span><\/li>\n<li class=\"li1\"><span style=\"vertical-align: inherit;\">\u00c4rge hoidke stabiliseeritud taimi k\u00f5rge \u00f5huniiskusega ruumides (vannitoad, saunad, basseinid jne). Optimaalne \u00f5huniiskus peaks olema alla 80%<\/span><\/li>\n<li class=\"li1\"><span style=\"vertical-align: inherit;\">Optimaalne toatemperatuur peaks j\u00e4\u00e4ma vahemikku +5 kuni + 35 \u00b0. Samuti on soovitatav v\u00e4ltida j\u00e4rske temperatuurimuutusi<\/span><\/li>\n<li class=\"li1\"><span style=\"vertical-align: inherit;\">Soovi korral saab aeg-ajalt tolmu p\u00fchkida f\u00f6\u00f6ni k\u00fclma \u00f5hu funktsiooniga<\/span><\/li>\n<li class=\"li1\"><span style=\"vertical-align: inherit;\">Proovige v\u00f5imalusel taimi mitte katsuda<\/span><\/li>\n<li class=\"li1\"><span style=\"vertical-align: inherit;\">Stabiliseeritud \u00f5itel v\u00f5ivad tootmise erip\u00e4ra t\u00f5ttu olla kroonlehtedes kortsud ja praod. Seda ei peeta toote defektiks<\/span><\/li>\n<\/ul>\n<p>Hinna sisse kuulub pokaalide pakendamine transpordiks, soovi korral saab lisatasu eest pakendada ka kingitusena.<\/p>\n","protected":false},"excerpt":{"rendered":"<p class=\"p1\">Pulmakomplekt pokaalide ja pulmak\u00fc\u00fcnlaga, mis on kaunistatud stabiliseeritud eukal\u00fcpti, teiste kauas\u00e4ilivate taimede ja p\u00e4rlidega. Eriti kaunis ja stiilne pulmakomplekt, mis j\u00e4\u00e4b ilusaks m\u00e4lestuseks.<\/p>\n<p>Pulmak\u00fc\u00fcnla m\u00f5\u00f5dud: 20 cm x 7 cm, 60h<\/p>\n<p>Pokaalide m\u00f5\u00f5dud: 25 cm x 5 cm<\/p>\n<p>V\u00f5imalik osta <a href=\"https:\/\/www.decorento.ee\/pood\/toode\/pulmapokaalid-kauasailiv-eukalupt\/\" target=\"_blank\" rel=\"noopener noreferrer\"><strong><em>pokaale<\/em><\/strong><\/a> ja <strong><em><a href=\"https:\/\/www.decorento.ee\/pood\/toode\/pulmakuunal-kauapusiva-eukaluptiga\/\" target=\"_blank\" rel=\"noopener noreferrer\">k\u00fc\u00fcnalt<\/a> <\/em><\/strong>eraldi v\u00f5i <strong><em><a href=\"https:\/\/www.decorento.ee\/pood\/toode\/pulmakomplekt-pokaalid-kuunal-kimp\/\" target=\"_blank\" rel=\"noopener noreferrer\">komplektina koos pruudikimbuga.<\/a><\/em><\/strong><\/p>\n<p class=\"p1\">Pulmakomplekt pokaalide ja pulmak\u00fc\u00fcnlaga on puhas k\u00e4sit\u00f6\u00f6, iga ettetellitav eseme kaunistus ei ole 100% identne pildil olevaga. Saab tellida ka eridisaini, valida teise kujuga pokaale ja teise k\u00fc\u00fcnla, mille puhul on hind kokkuleppeline.<\/p>\n<p>&nbsp;<\/p>\n","protected":false},"featured_media":2299,"template":"","meta":[],"product_brand":[],"product_cat":[134],"product_tag":[],"class_list":{"0":"post-2295","1":"product","2":"type-product","3":"status-publish","4":"has-post-thumbnail","6":"product_cat-pulmad","8":"first","9":"instock","10":"taxable","11":"shipping-taxable","12":"purchasable","13":"product-type-simple"},"_links":{"self":[{"href":"https:\/\/www.decorento.ee\/pood\/wp-json\/wp\/v2\/product\/2295","targetHints":{"allow":["GET"]}}],"collection":[{"href":"https:\/\/www.decorento.ee\/pood\/wp-json\/wp\/v2\/product"}],"about":[{"href":"https:\/\/www.decorento.ee\/pood\/wp-json\/wp\/v2\/types\/product"}],"wp:featuredmedia":[{"embeddable":true,"href":"https:\/\/www.decorento.ee\/pood\/wp-json\/wp\/v2\/media\/2299"}],"wp:attachment":[{"href":"https:\/\/www.decorento.ee\/pood\/wp-json\/wp\/v2\/media?parent=2295"}],"wp:term":[{"taxonomy":"product_brand","embeddable":true,"href":"https:\/\/www.decorento.ee\/pood\/wp-json\/wp\/v2\/product_brand?post=2295"},{"taxonomy":"product_cat","embeddable":true,"href":"https:\/\/www.decorento.ee\/pood\/wp-json\/wp\/v2\/product_cat?post=2295"},{"taxonomy":"product_tag","embeddable":true,"href":"https:\/\/www.decorento.ee\/pood\/wp-json\/wp\/v2\/product_tag?post=2295"}],"curies":[{"name":"wp","href":"https:\/\/api.w.org\/{rel}","templated":true}]}}