{"id":2356,"date":"2021-04-08T23:47:10","date_gmt":"2021-04-08T20:47:10","guid":{"rendered":"https:\/\/www.decorento.ee\/pood\/?post_type=product&#038;p=2356"},"modified":"2022-09-14T16:40:25","modified_gmt":"2022-09-14T13:40:25","slug":"lillepilt-rita","status":"publish","type":"product","link":"https:\/\/www.decorento.ee\/pood\/toode\/lillepilt-rita\/","title":{"rendered":"Lillepilt RITA"},"content":{"rendered":"<p>PS! Olenevalt ekraani seadetest v\u00f5ivad reaalsed toonid pildist veidi erineda.<\/p>\n<p class=\"p1\"><span style=\"vertical-align: inherit;\">Oma kimpudes ja seadetes kasutame k\u00f5rgekvaliteedilisi stabiliseeritud lilli ja taimi Jaapani \u00fchelt k\u00f5ige tuntumalt ja pikema ajalooga uinuvate taimede tootjalt. Uinuvate ehk stabiliseeritud taimede n\u00e4ol on tegemist naturaalsete elustaimedega, mille t\u00f6\u00f6tlemisel on kasutatud spetsiaalset tehnoloogiat, mis tagab taimede pikaaegse s\u00e4ilimise, v\u00e4rskuse ja kauni v\u00e4limuse lausa aastateks. Stabiliseeritud lillede ja taimede keskmine eluiga on 3-5 aastat.\u00a0<\/span><\/p>\n<p>Hinna sisse kuulub kimbu pakendamine transpordiks, soovi korral saab lisatasu eest pakendada ka kingitusena.<\/p>\n<h3 class=\"p1\"><span style=\"vertical-align: inherit;\">KAUAS\u00c4ILIVAD LILLED KANVAAL: HOOLDAMISJUHEND\u00a0<\/span><\/h3>\n<ul class=\"ul1\">\n<li class=\"li1\"><span style=\"vertical-align: inherit;\">V\u00e4ltige vee sattumist taimedele, lehtedele v\u00f5i hoiuanumasse (lillealus, vaas vm)<\/span><\/li>\n<li class=\"li1\"><span style=\"vertical-align: inherit;\">V\u00e4ltige otsest p\u00e4ikesevalgust ning \u00e4rge hoidke taimi aknalaual<\/span><\/li>\n<li class=\"li1\"><span style=\"vertical-align: inherit;\">\u00c4rge hoidke stabiliseeritud taimi k\u00f5rge \u00f5huniiskusega ruumides (vannitoad, saunad, basseinid jne). Optimaalne \u00f5huniiskus peaks olema alla 80%<\/span><\/li>\n<li class=\"li1\" style=\"text-align: left;\"><span style=\"vertical-align: inherit;\">Optimaalne toatemperatuur peaks j\u00e4\u00e4ma vahemikku +5 kuni + 35 \u00b0. Samuti on soovitatav v\u00e4ltida j\u00e4rske temperatuurimuutusi<\/span><\/li>\n<li class=\"li1\"><span style=\"vertical-align: inherit;\">Soovi korral saab aeg-ajalt tolmu p\u00fchkida f\u00f6\u00f6ni k\u00fclma \u00f5hu funktsiooniga<\/span><\/li>\n<li class=\"li1\"><span style=\"vertical-align: inherit;\">Proovige v\u00f5imalusel taimi mitte katsuda<\/span><\/li>\n<li class=\"li1\"><span style=\"vertical-align: inherit;\">Stabiliseeritud \u00f5itel v\u00f5ivad tootmise erip\u00e4ra t\u00f5ttu olla kroonlehtedes kortsud ja praod. Seda ei peeta toote defektiks<\/span><\/li>\n<\/ul>\n","protected":false},"excerpt":{"rendered":"<p class=\"p1\">Imeilusad, kauas\u00e4ilivad lilled kanvaal erksates toonides. Lilleseades kasutasime erinevaid stabiliseeritud ja kuivatatud lilli ja taimi. Sobib h\u00e4sti ilu ja elegantsi armastavale inimesele kodukaunistuseks, s\u00fcnnip\u00e4evakingituseks armsale inimesele, pulmakingitusena vanematele. Kauas\u00e4ilivad lilled p\u00fcsivad ilusana aastaid, seega silmailu j\u00e4tkub pikaks ajaks. Stiilne lillepilt p\u00fc\u00fcab pilke riiulil, laual, kuid sobib ka seinale riputamiseks.<\/p>\n<p>Pildi m\u00f5\u00f5t: 22 cm x 16 cm<\/p>\n<p>Kanvaa v\u00e4rv: hall<\/p>\n<p><strong>NB!<\/strong> Tegu on k\u00e4sit\u00f6\u00f6ga, seega iga ettetellitav lilleseade on unikaalne ja tavaliselt ei ole 100% identne pildil olevaga. Saame vastu tulla kliendi erisoovidele v\u00e4rvide, suuruste ja lillede kombinatsioonide osas. Oma erisoovidest saab tellides teada anda m\u00e4rkuste kaudu, erisoovide puhul hind kokkuleppel.<\/p>\n<p>Hinna sisse kuulub lilleseade pakendamine transpordiks, soovi korral saab lilleseade kauas\u00e4ilivate lilledega lisatasu eest pakendada ka kingitusena.<\/p>\n","protected":false},"featured_media":2361,"template":"","meta":[],"product_brand":[],"product_cat":[148],"product_tag":[],"class_list":{"0":"post-2356","1":"product","2":"type-product","3":"status-publish","4":"has-post-thumbnail","6":"product_cat-kodusisustus","8":"first","9":"onbackorder","10":"taxable","11":"shipping-taxable","12":"purchasable","13":"product-type-simple"},"_links":{"self":[{"href":"https:\/\/www.decorento.ee\/pood\/wp-json\/wp\/v2\/product\/2356","targetHints":{"allow":["GET"]}}],"collection":[{"href":"https:\/\/www.decorento.ee\/pood\/wp-json\/wp\/v2\/product"}],"about":[{"href":"https:\/\/www.decorento.ee\/pood\/wp-json\/wp\/v2\/types\/product"}],"wp:featuredmedia":[{"embeddable":true,"href":"https:\/\/www.decorento.ee\/pood\/wp-json\/wp\/v2\/media\/2361"}],"wp:attachment":[{"href":"https:\/\/www.decorento.ee\/pood\/wp-json\/wp\/v2\/media?parent=2356"}],"wp:term":[{"taxonomy":"product_brand","embeddable":true,"href":"https:\/\/www.decorento.ee\/pood\/wp-json\/wp\/v2\/product_brand?post=2356"},{"taxonomy":"product_cat","embeddable":true,"href":"https:\/\/www.decorento.ee\/pood\/wp-json\/wp\/v2\/product_cat?post=2356"},{"taxonomy":"product_tag","embeddable":true,"href":"https:\/\/www.decorento.ee\/pood\/wp-json\/wp\/v2\/product_tag?post=2356"}],"curies":[{"name":"wp","href":"https:\/\/api.w.org\/{rel}","templated":true}]}}