{"id":2459,"date":"2021-09-16T17:14:42","date_gmt":"2021-09-16T14:14:42","guid":{"rendered":"https:\/\/www.decorento.ee\/pood\/?post_type=product&#038;p=2459"},"modified":"2022-01-28T15:30:55","modified_gmt":"2022-01-28T13:30:55","slug":"puidust-baarilett-matteo","status":"publish","type":"product","link":"https:\/\/www.decorento.ee\/pood\/toode\/puidust-baarilett-matteo\/","title":{"rendered":"Puidust baarilett &#8216;MATTEO&#8217;"},"content":{"rendered":"<p>Mobiilne baarilett ratastel rustikaalses stiilis. Baari on v\u00e4ga kerge transportida, seda on lihtne lahti v\u00f5tta ja uuesti kokku panna, monteerimise aeg on vaid 15 min. Baarleti t\u00f6\u00f6pind on piisavalt lai ja s\u00fcgav mugavaks teenindamiseks, all on kaks suurt panipaika asjade hoiustamiseks. Baari on sisse ehitatud pistikupesad ja pikendusjuhe.<\/p>\n<p>Puidust baarilett sobib r\u00e4ndbaarina v\u00f5i efektse sisustuselemendina ja lisav\u00e4\u00e4rtusena peokohta maal\u00e4hedases stiilis.<\/p>\n<p>Puidust baarilett on k\u00e4sit\u00f6\u00f6 ja on valminud Stuudio DecoRento puidut\u00f6\u00f6kojas. V\u00f5imalik valmistada erinevaid puittooteid kliendi jooniste j\u00e4rgi, oma soovidest anna teada kirjutades info@decorento.ee<\/p>\n","protected":false},"excerpt":{"rendered":"<p>Mobiilne puidust baarilett ratastel. Baari on lihtne liigutada, see on kergelt kokkupandav, monteerimise aeg on umbes 15min. T\u00e4nu sellele on see efektne ja soliidne r\u00e4ndbaar, mis sobib maal\u00e4hedase stiiliga interj\u00f6\u00f6ridesse.<\/p>\n<p>Baari v\u00e4lism\u00f5\u00f5dud: k\u00f5rgus 210 cm x pikkus 174 cm x laius 75 cm<br \/>\nBaarilett: k\u00f5rgus 122 cm x laius 30 cm<br \/>\nBaarmeni t\u00f6\u00f6pinna s\u00fcgavus 60 cm, laua k\u00f5rgus 86 cm<br \/>\nV\u00e4rv: p\u00e4hkel<br \/>\nMaterjal: puit<\/p>\n<p><strong>PANE T\u00c4HELE: Stuudio DecoRento asub Tartus ja tooted, mis on pikemad kui 60cm ei mahu pakiautomaatidesse, k\u00fcsi pakkumist transpordile \u00fcle Eesti kirjutades info@decorento.ee\u00a0<\/strong><\/p>\n","protected":false},"featured_media":1028,"template":"","meta":[],"product_brand":[],"product_cat":[147],"product_tag":[],"class_list":{"0":"post-2459","1":"product","2":"type-product","3":"status-publish","4":"has-post-thumbnail","6":"product_cat-puidust","8":"first","9":"instock","10":"taxable","11":"shipping-taxable","12":"purchasable","13":"product-type-simple"},"_links":{"self":[{"href":"https:\/\/www.decorento.ee\/pood\/wp-json\/wp\/v2\/product\/2459","targetHints":{"allow":["GET"]}}],"collection":[{"href":"https:\/\/www.decorento.ee\/pood\/wp-json\/wp\/v2\/product"}],"about":[{"href":"https:\/\/www.decorento.ee\/pood\/wp-json\/wp\/v2\/types\/product"}],"wp:featuredmedia":[{"embeddable":true,"href":"https:\/\/www.decorento.ee\/pood\/wp-json\/wp\/v2\/media\/1028"}],"wp:attachment":[{"href":"https:\/\/www.decorento.ee\/pood\/wp-json\/wp\/v2\/media?parent=2459"}],"wp:term":[{"taxonomy":"product_brand","embeddable":true,"href":"https:\/\/www.decorento.ee\/pood\/wp-json\/wp\/v2\/product_brand?post=2459"},{"taxonomy":"product_cat","embeddable":true,"href":"https:\/\/www.decorento.ee\/pood\/wp-json\/wp\/v2\/product_cat?post=2459"},{"taxonomy":"product_tag","embeddable":true,"href":"https:\/\/www.decorento.ee\/pood\/wp-json\/wp\/v2\/product_tag?post=2459"}],"curies":[{"name":"wp","href":"https:\/\/api.w.org\/{rel}","templated":true}]}}