{"id":2462,"date":"2021-09-20T15:17:24","date_gmt":"2021-09-20T12:17:24","guid":{"rendered":"https:\/\/www.decorento.ee\/pood\/?post_type=product&#038;p=2462"},"modified":"2025-02-06T16:42:20","modified_gmt":"2025-02-06T14:42:20","slug":"seinaparg-dreamy","status":"publish","type":"product","link":"https:\/\/www.decorento.ee\/pood\/toode\/seinaparg-dreamy\/","title":{"rendered":"P\u00e4rg &#8216;DREAMY&#8217;"},"content":{"rendered":"<p>PS! Olenevalt ekraani seadetest v\u00f5ivad reaalsed toonid pildist veidi erineda.<\/p>\n<p>Seinap\u00e4rg, kus stabiliseeritud taimed p\u00fcsivad ilusana aastaid, ilma, et peaks nende eest hoold kandma. T\u00e4nu sellele on v\u00f5imalik valmistada imelisi kimpe, kodukaunistusi ja ehteid, mis j\u00e4\u00e4vad olulist p\u00e4eva meenutama pikaks ajaks.<\/p>\n<p class=\"p1\"><span style=\"vertical-align: inherit;\">Oma kimpudes, seadetes ja ehtedes kasutame k\u00f5rgkvaliteedseid stabiliseeritud lilli ja taimi Jaapani \u00fchelt k\u00f5ige tuntumalt ja pikema ajalooga uinuvate taimede tootjalt. Uinuvate ehk stabiliseeritud taimede n\u00e4ol on tegemist naturaalsete elustaimedega, mille t\u00f6\u00f6tlemisel on kasutatud spetsiaalset tehnoloogiat, mis tagab taimede pikaaegse s\u00e4ilimise, v\u00e4rskuse ja kauni v\u00e4limuse lausa aastateks. Stabiliseeritud lillede ja taimede keskmine eluiga on 3-5 aastat.\u00a0<\/span><\/p>\n<p>Hinna sisse kuulub kimbu pakendamine transpordiks, soovi korral saab lisatasu eest pakendada ka kingitusena.<\/p>\n<h3 class=\"p1\"><span style=\"vertical-align: inherit;\">SEINAP\u00c4RG: HOOLDAMISJUHEND<\/span><\/h3>\n<ul class=\"ul1\">\n<li class=\"li1\"><span style=\"vertical-align: inherit;\">V\u00e4ltige vee sattumist taimedele, lehtedele v\u00f5i hoiuanumasse (lillealus, vaas vm)<\/span><\/li>\n<li class=\"li1\"><span style=\"vertical-align: inherit;\">V\u00e4ltige otsest p\u00e4ikesevalgust ning \u00e4rge hoidke taimi aknalaual<\/span><\/li>\n<li class=\"li1\"><span style=\"vertical-align: inherit;\">\u00c4rge hoidke stabiliseeritud taimi k\u00f5rge \u00f5huniiskusega ruumides (vannitoad, saunad, basseinid jne). Optimaalne \u00f5huniiskus peaks olema alla 80%<\/span><\/li>\n<li class=\"li1\"><span style=\"vertical-align: inherit;\">Optimaalne toatemperatuur peaks j\u00e4\u00e4ma vahemikku +5 kuni + 35 \u00b0. Samuti on soovitatav v\u00e4ltida j\u00e4rske temperatuurimuutusi<\/span><\/li>\n<li class=\"li1\"><span style=\"vertical-align: inherit;\">Soovi korral saab aeg-ajalt tolmu p\u00fchkida f\u00f6\u00f6ni k\u00fclma \u00f5hu funktsiooniga<\/span><\/li>\n<li class=\"li1\"><span style=\"vertical-align: inherit;\">Proovige v\u00f5imalusel taimi mitte katsuda<\/span><\/li>\n<li class=\"li1\"><span style=\"vertical-align: inherit;\">Stabiliseeritud \u00f5itel v\u00f5ivad tootmise erip\u00e4ra t\u00f5ttu olla kroonlehtedes kortsud ja praod. Seda ei peeta toote defektiks<\/span><\/li>\n<\/ul>\n<p>Hinna sisse kuulub p\u00e4rja pakendamine transpordiks, soovi korral saab lisatasu eest pakendada ka kingitusena.<\/p>\n","protected":false},"excerpt":{"rendered":"<p class=\"p1\">Naturaalsetes bee\u017eides toonides p\u00e4rg. P\u00e4rja tegemisel kasutasime magnoolia lehti, pampa rohtu, s\u00f5najala lehti, ruskust ja muid huvitavid taimi. P\u00e4rg skandinaavia hygge stiilis on\u00a0 kaunis, minimalistlik ja omap\u00e4rane\u00a0 sisustuselement, mis sobib ideaalselt kodu kaunistamiseks. P\u00e4rga saab riputada seinale v\u00f5i uksele, sobib kingituseks kas iseendale v\u00f5i \u00fcllatuseks l\u00e4hedasele.<\/p>\n<p class=\"p1\">P\u00e4rjaalus: metallist r\u00f5ngas, kaetud d\u017euut paelaga,\u00a0 \u00d8 30 cm.<\/p>\n<p>Sobib kasutamiseks ainult sisetingimustes.<\/p>\n<p class=\"p1\">Puhas k\u00e4sit\u00f6\u00f6, iga ettetellitav p\u00e4rg ei ole pildil olevaga 100% identne. Saab tellida ka eridisainiga p\u00e4rgasid ja sisekujunduselemente, mille puhul on hind kokkuleppeline.<\/p>\n<p>V\u00f5imalik tellida ka seinap\u00e4rgade valmistamise workshopi, lisainfo saamiseks kirjuta <a href=\"mailto:info@decorento.ee\">info@decorento.ee<\/a>.<\/p>\n<p>&nbsp;<\/p>\n","protected":false},"featured_media":2463,"template":"","meta":[],"product_brand":[],"product_cat":[143],"product_tag":[],"class_list":{"0":"post-2462","1":"product","2":"type-product","3":"status-publish","4":"has-post-thumbnail","6":"product_cat-parjad","8":"first","9":"instock","10":"taxable","11":"shipping-taxable","12":"purchasable","13":"product-type-simple"},"_links":{"self":[{"href":"https:\/\/www.decorento.ee\/pood\/wp-json\/wp\/v2\/product\/2462","targetHints":{"allow":["GET"]}}],"collection":[{"href":"https:\/\/www.decorento.ee\/pood\/wp-json\/wp\/v2\/product"}],"about":[{"href":"https:\/\/www.decorento.ee\/pood\/wp-json\/wp\/v2\/types\/product"}],"wp:featuredmedia":[{"embeddable":true,"href":"https:\/\/www.decorento.ee\/pood\/wp-json\/wp\/v2\/media\/2463"}],"wp:attachment":[{"href":"https:\/\/www.decorento.ee\/pood\/wp-json\/wp\/v2\/media?parent=2462"}],"wp:term":[{"taxonomy":"product_brand","embeddable":true,"href":"https:\/\/www.decorento.ee\/pood\/wp-json\/wp\/v2\/product_brand?post=2462"},{"taxonomy":"product_cat","embeddable":true,"href":"https:\/\/www.decorento.ee\/pood\/wp-json\/wp\/v2\/product_cat?post=2462"},{"taxonomy":"product_tag","embeddable":true,"href":"https:\/\/www.decorento.ee\/pood\/wp-json\/wp\/v2\/product_tag?post=2462"}],"curies":[{"name":"wp","href":"https:\/\/api.w.org\/{rel}","templated":true}]}}