{"id":2726,"date":"2021-11-17T17:29:53","date_gmt":"2021-11-17T15:29:53","guid":{"rendered":"https:\/\/www.decorento.ee\/pood\/?post_type=product&#038;p=2726"},"modified":"2026-02-10T13:52:17","modified_gmt":"2026-02-10T11:52:17","slug":"jouluseadekuunlaga-greenmartini","status":"publish","type":"product","link":"https:\/\/www.decorento.ee\/pood\/toode\/jouluseadekuunlaga-greenmartini\/","title":{"rendered":"J\u00f5uluseade k\u00fc\u00fcnlaga &#8216;GREEN MARTINI&#8217;"},"content":{"rendered":"<p class=\"p1\">See unikaane seade, mis ei vaja vett ega hoolt ja p\u00fcsib kaunina aastaid, sobib ideaalselt kodu ja kontori kaunistamiseks v\u00f5i lahe kingitusena j\u00f5uluajal.<\/p>\n<p class=\"p1\"><span style=\"vertical-align: inherit;\">Oma kimpudes ja seadetes kasutame k\u00f5rgkvaliteedseid stabiliseeritud lilli ja taimi Jaapani \u00fchelt k\u00f5ige tuntumalt ja pikema ajalooga uinuvate taimede tootjalt. Uinuvate ehk stabiliseeritud taimede n\u00e4ol on tegemist naturaalsete elustaimedega, mille t\u00f6\u00f6tlemisel on kasutatud spetsiaalset tehnoloogiat, mis tagab taimede pikaaegse s\u00e4ilimise, v\u00e4rskuse ja kauni v\u00e4limuse lausa aastateks. Stabiliseeritud lillede ja taimede keskmine eluiga on 3-5 aastat.\u00a0<\/span><\/p>\n<h3 class=\"p1\"><span style=\"vertical-align: inherit;\">SEADE KAUAS\u00c4ILIVATE TAIMEDEGA: HOOLDAMISJUHEND<\/span><\/h3>\n<ul class=\"ul1\">\n<li class=\"li1\"><span style=\"vertical-align: inherit;\">V\u00e4ltige vee sattumist taimedele, lehtedele v\u00f5i hoiuanumasse (lillealus, vaas vm)<\/span><\/li>\n<li class=\"li1\"><span style=\"vertical-align: inherit;\">V\u00e4ltige otsest p\u00e4ikesevalgust ning \u00e4rge hoidke taimi aknalaual<\/span><\/li>\n<li class=\"li1\"><span style=\"vertical-align: inherit;\">\u00c4rge hoidke stabiliseeritud taimi k\u00f5rge \u00f5huniiskusega ruumides (vannitoad, saunad, basseinid jne). Optimaalne \u00f5huniiskus peaks olema alla 80%<\/span><\/li>\n<li class=\"li1\" style=\"text-align: left;\"><span style=\"vertical-align: inherit;\">Optimaalne toatemperatuur peaks j\u00e4\u00e4ma vahemikku +5 kuni + 35 \u00b0. Samuti on soovitatav v\u00e4ltida j\u00e4rske temperatuurimuutusi<\/span><\/li>\n<li class=\"li1\"><span style=\"vertical-align: inherit;\">Soovi korral saab aeg-ajalt tolmu p\u00fchkida f\u00f6\u00f6ni k\u00fclma \u00f5hu funktsiooniga<\/span><\/li>\n<li class=\"li1\"><span style=\"vertical-align: inherit;\">Proovige v\u00f5imalusel taimi mitte katsuda<\/span><\/li>\n<li class=\"li1\"><span style=\"vertical-align: inherit;\">Stabiliseeritud \u00f5itel v\u00f5ivad tootmise erip\u00e4ra t\u00f5ttu olla kroonlehtedes kortsud ja praod. Seda ei peeta toote defektiks<\/span><\/li>\n<\/ul>\n","protected":false},"excerpt":{"rendered":"<p>Elegantne ja stiilne kaunistus j\u00f5ululauale k\u00fc\u00fcnlaalusega. Seades on kasutatud erinevad uinuvad taimed nagu eukal\u00fcpt, teepuu, k\u00fcpress ja sammal. Lisaks annavad s\u00e4rtsu rohekates toonides klaaskuulid. Kuldne k\u00fc\u00fcnal on komplektis ja peale \u00e4ra p\u00f5lemist on see kergesti vahetav.<\/p>\n<p><strong>Seade m\u00f5\u00f5dud:<\/strong> 25cm x 25cm \/<strong> klaasi m\u00f5\u00f5dud:<\/strong> 18cm x 12.5cm<\/p>\n<p>Hinna sisse kuulub seade pakendamine transpordiks, soovi korral saab lisatasu eest pakendada ka kingitusena. V\u00f5imalik saatmine pakiautomaadiga.<\/p>\n<p class=\"p1\"><strong>PANE T\u00c4HELE:<\/strong><\/p>\n<ul>\n<li class=\"p1\">Olenevalt ekraani seadetest v\u00f5ivad reaalsed toonid pildist veidi erineda.<\/li>\n<li class=\"p1\">Isegi siis, kui kasutame samu materjale, iga kompositsioon on k\u00e4sit\u00f6\u00f6, seega<span class=\"Apple-converted-space\">\u00a0\u00a0<\/span>see v\u00f5ib veidi erineda pildist.<\/li>\n<li class=\"p1\"><span class=\"Apple-converted-space\">Tellimuse t\u00f6\u00f6tlemine ja v\u00e4ljasaatmine v\u00f5tab aega kuni 3 t\u00f6\u00f6p\u00e4eva.\u00a0<\/span><\/li>\n<\/ul>\n","protected":false},"featured_media":2727,"template":"","meta":[],"product_brand":[],"product_cat":[],"product_tag":[],"class_list":{"0":"post-2726","1":"product","2":"type-product","3":"status-publish","4":"has-post-thumbnail","7":"first","8":"instock","9":"taxable","10":"shipping-taxable","11":"purchasable","12":"product-type-simple"},"_links":{"self":[{"href":"https:\/\/www.decorento.ee\/pood\/wp-json\/wp\/v2\/product\/2726","targetHints":{"allow":["GET"]}}],"collection":[{"href":"https:\/\/www.decorento.ee\/pood\/wp-json\/wp\/v2\/product"}],"about":[{"href":"https:\/\/www.decorento.ee\/pood\/wp-json\/wp\/v2\/types\/product"}],"wp:featuredmedia":[{"embeddable":true,"href":"https:\/\/www.decorento.ee\/pood\/wp-json\/wp\/v2\/media\/2727"}],"wp:attachment":[{"href":"https:\/\/www.decorento.ee\/pood\/wp-json\/wp\/v2\/media?parent=2726"}],"wp:term":[{"taxonomy":"product_brand","embeddable":true,"href":"https:\/\/www.decorento.ee\/pood\/wp-json\/wp\/v2\/product_brand?post=2726"},{"taxonomy":"product_cat","embeddable":true,"href":"https:\/\/www.decorento.ee\/pood\/wp-json\/wp\/v2\/product_cat?post=2726"},{"taxonomy":"product_tag","embeddable":true,"href":"https:\/\/www.decorento.ee\/pood\/wp-json\/wp\/v2\/product_tag?post=2726"}],"curies":[{"name":"wp","href":"https:\/\/api.w.org\/{rel}","templated":true}]}}