{"id":3016,"date":"2021-12-01T17:09:32","date_gmt":"2021-12-01T15:09:32","guid":{"rendered":"https:\/\/www.decorento.ee\/pood\/?post_type=product&#038;p=3016"},"modified":"2025-02-06T16:50:34","modified_gmt":"2025-02-06T14:50:34","slug":"vaas-katseklaasivaas-black","status":"publish","type":"product","link":"https:\/\/www.decorento.ee\/pood\/toode\/vaas-katseklaasivaas-black\/","title":{"rendered":"Katseklaasivaas &#8216;VIAL BLACK&#8217; kauap\u00fcsivate taimedega"},"content":{"rendered":"<h2>Katseklaasivaas &#8216;VIAL BLACK&#8217; kauap\u00fcsivate taimedega<\/h2>\n<p>on stiilne sisustuselement ja<span style=\"vertical-align: inherit;\"> vaieldamatu pilgup\u00fc\u00fcdja nii modernses minimalistlikus kui ka klassikalises interj\u00f6\u00f6ris. Katseklaasivaas on valminud k\u00e4sit\u00f6\u00f6na Stuudio DecoRento puidut\u00f6\u00f6kojas. T\u00e4nap\u00e4eval on kauap\u00fcsivad ja kuivatatud taimed \u00fcks olulisi sisustustrende ja nende eeliseks on see, et need p\u00fcsivad kaunina aastaid, ja ei vaja mitte mingit hoolt, vett ega valgust. Kui j\u00e4lgid lihtsaid s\u00e4ilitusreegleid, siis lilled katseklaasivaasis p\u00fcsivad ilusana aastaid.\u00a0<\/span><\/p>\n<p><span style=\"vertical-align: inherit;\">S\u00e4ilitatud taimed on ideaalne lahendus interj\u00f6\u00f6ri jaoks, kus on v\u00e4he loomulikku valgust toalillede kasvuks. Samuti kui sul pole aega ja viitsimist taimede eest hoolt kanda, aga tahaks midagi rohelist tuppa, siis naturaalne uinuv eukal\u00fcpt on suurep\u00e4rane idee!\u00a0<\/span><\/p>\n<p><span style=\"vertical-align: inherit;\">Tutvu meie <a href=\"https:\/\/www.decorento.ee\/pood\/tootekategooria\/uinuvad-taimed\/\">UINUVATE LILLEDE VALIKUGA <\/a><\/span><\/p>\n<h3 class=\"p1\"><span style=\"vertical-align: inherit;\">Mis on kauap\u00fcsivad ehk uinuvad lilled?<\/span><\/h3>\n<ul>\n<li>Uinuvad ehk stabiliseeritud lilled on naturaalsed elustaimed, mis p\u00fcsivad keskmiselt 3 aastat.<\/li>\n<li>Ehtsad lilled on t\u00f6\u00f6deldud spetsiaalse tehnnoloogia abil. Taimede loomulik niiksus eemaldatakse ja asendatakse s\u00e4ilitusainetega gl\u00fctseriini baasil, mis tagavad taimede<span style=\"vertical-align: inherit;\"> pikaaegse s\u00e4ilimise, v\u00e4rskuse ja kauni v\u00e4limuse lausa aastateks.<\/span><\/li>\n<li><span class=\"Y2IQFc\" lang=\"et\">Iga lill l\u00e4bib range valiku vastavalt teatud kriteeriumidele, punga suurusele ja kvaliteedile. Seej\u00e4rel pleegitatakse l\u00f5igatud ehtne taim v\u00e4rvituks. See protsess v\u00f5tab mitu p\u00e4eva aega. P\u00e4rast seda valitakse igale lillele oma v\u00e4rv ja koostatakse v\u00e4rvivalem. T\u00e4nu sellele protsessile on saadaval peaaegu iga vikerkaarev\u00e4rvi lille &#8211; looduslikust kuni k\u00f5ige s\u00e4ravama ja ebatavalisemani.<\/span><\/li>\n<li>Lahus, millega taimi stabiliseerimisprotsessi ajal t\u00f6\u00f6deldakse, on absoluutselt ohutu nii inimestele kui loomadele. K\u00f5ik tooted l\u00e4bivad erinevaid katseid ja peavad olema sertifitseeritud enne m\u00fc\u00fcgipunktidesse saatmist.<\/li>\n<li><span class=\"Y2IQFc\" lang=\"et\">H\u00fcpoallergeenne. Erinevalt tavalistest lilledest, mille \u00f5ietolm v\u00f5ib p\u00f5hjustada allergiat, on s\u00e4ilitatud lilled t\u00e4iesti h\u00fcpoallergeensed.<\/span><\/li>\n<li>Stabiliseeritud taimed ei vaja hoolt, vett ega p\u00e4ikest. Uinuvad rohelised taimed on suurep\u00e4rane lahendus pimedasse v\u00f5i kunstliku valgusega ruumi.<\/li>\n<li>Uinuvad lilled on suurep\u00e4rane sisustuselement ja kaunis kingitus, mis r\u00f5\u00f5mustab saajat uskumatult pikka aega.<\/li>\n<\/ul>\n<p class=\"p1\"><span style=\"vertical-align: inherit;\">Oma t\u00f6\u00f6s kasutame k\u00f5rgkvaliteetseid stabiliseeritud lilli ja taimi Jaapani \u00fchelt k\u00f5ige tuntumalt ja pikema ajalooga uinuvate taimede tootjalt. Teeme pidevat koost\u00f6\u00f6d, et pakkuda Eesti turul k\u00f5ige laiemat uinuvate taimede valikut.\u00a0<\/span><\/p>\n<p>K\u00f5ik seaded, kimbud ja kompositsioonid on valmistatud Eestis, DecoRento stuudios. Erisoovide puhul kirjuta info@decorento.ee ja teeme sinu idee teoks!<\/p>\n<h3>Katseklaasivaas &#8216;VIAL BLACK&#8217; kauap\u00fcsivate taimedega<br \/>\nHOOLDAMISJUHEND:<\/h3>\n<ul class=\"ul1\">\n<li class=\"li1\"><span style=\"vertical-align: inherit;\">V\u00e4ltige vee sattumist taimedele, lehtedele v\u00f5i hoiuanumasse.<\/span><\/li>\n<li class=\"li1\"><span style=\"vertical-align: inherit;\">V\u00e4ltige otsest p\u00e4ikesevalgust ning \u00e4rge hoidke taimi aknalaual.<\/span><\/li>\n<li class=\"li1\"><span style=\"vertical-align: inherit;\">\u00c4rge hoidke stabiliseeritud taimi k\u00f5rge \u00f5huniiskusega ruumides, nagu n\u00e4iteks vannitoad, saunad ja basseinid. \u00d5huniiskus peaks olema alla 80%<\/span><\/li>\n<li class=\"li1\"><span style=\"vertical-align: inherit;\">Optimaalne toatemperatuur peaks j\u00e4\u00e4ma vahemikku +5 kuni + 35 \u00b0. Samuti on soovitatav v\u00e4ltida j\u00e4rske temperatuurimuutusi<\/span><\/li>\n<li class=\"li1\"><span style=\"vertical-align: inherit;\">Soovi korral saab lilledelt aeg-ajalt \u00f5rnalt tolmu p\u00fchkida f\u00f6\u00f6ni k\u00fclma \u00f5hu funktsiooniga v\u00f5i pehme pintsliga.<\/span><\/li>\n<li class=\"li1\"><span style=\"vertical-align: inherit;\">Proovige taimi v\u00f5imalikult v\u00e4he katsuda. <\/span><\/li>\n<li class=\"li1\"><span style=\"vertical-align: inherit;\">Stabiliseeritud \u00f5itel v\u00f5ivad tootmise erip\u00e4ra t\u00f5ttu olla kroonlehtedes kortsud ja praod. Seda ei peeta toote defektiks.\u00a0<\/span><\/li>\n<\/ul>\n<p>Uinuvad taimed &#8211; suurep\u00e4rane kingiidee, mis r\u00f5\u00f5mustab saajat eriti pikka aega! Meie e-poest leiad laia valiku lillekarpe, kompositsioone ja lillekimpe erinevateks t\u00e4htp\u00e4evadeks igale maitsele.<br \/>\nPildiraamid uinuvate \u00f5itega sobivad kingituseks aastap\u00e4vaks, pulmakingiks v\u00f5i beebi s\u00fcnni puhul. Erinevad kimbud ja rikkalikud klaaskarbid on ideaalsed kingitused s\u00fcnnip\u00e4evaks, naistep\u00e4evaks, s\u00f5brap\u00e4evaks v\u00f5i hoopis v\u00e4rskele l\u00f5petajale.<\/p>\n<p>Oled v\u00e4sinud otsimast iga n\u00e4dal kimpe, et \u00f5nnitleda oma firma t\u00f6\u00f6tajaid? V\u00e4ike klaaskarp v\u00f5i klaaskuul kauas\u00e4iivate lillede ja taimedega on hea \u00e4rikingi idee, sest nii on sul \u00fcks mure v\u00e4hem &#8211; saad kasv\u00f5i terve aastavaru ette osta! Lisaks on see ilus ja eriline kingitus \u00e4ripartnerile.<\/p>\n<p>Stabiliseeritud lilled, uinuvad ja kuivatatud taimed on suurep\u00e4rased sisustustuselemendid. Efektsed kompositsioonid, kimbud ja p\u00e4rjad annavad lisav\u00e4\u00e4rtuse igale interj\u00f6\u00f6rile. Kvaliteetsed uinuvad lilli on raske eristada eluslilledest, nende eelis on uskumatult pikk p\u00fcsivus ja see, et need ei vaja absoluutselt mitte mingit hoolt.<\/p>\n<p>Et olla kursis meie tegemistega ja saada inspiratsiooni j\u00e4lgi meid <a href=\"https:\/\/www.instagram.com\/decorento.ee.pood\/\" target=\"_blank\" rel=\"noopener\">Instagramis<\/a><\/p>\n<p>&nbsp;<\/p>\n","protected":false},"excerpt":{"rendered":"<p class=\"p1\">Stiilne ja omap\u00e4rane sisustuselement sobib ideaalselt kaasaegsesse intrej\u00f6\u00f6ri. Komplekti kuulub katseklaasivaas k\u00e4sitsi valmistatud <span style=\"vertical-align: inherit;\">puidust raamil ja kimp kauap\u00fcsivate lillede ja taimedega. Suurep\u00e4rane kingiidee! Katseklaasivaas ja kimp on pakitud ilusasse karpi, mis on kohe valmis kinkimiseks.<\/span><\/p>\n<p class=\"p1\">Vaas on saadaval kahes suuruses:<br \/>\n3 katseklaasi: 13.5 cm x 11 cm<br \/>\n5 katseklaasi: 20.5 cm x 11 cm<br \/>\nPuitraami v\u00e4rv: must<\/p>\n<p>V\u00e4rvivalikus on\u00a0 pruun \/ valge \/ must vaas.<\/p>\n<p class=\"p1\">Katseklaasivaasi puitraam on valmistatud k\u00e4sit\u00f6\u00f6na stuudio DecoRento puidut\u00f6\u00f6kojas. V\u00f5imalik valmistada erinevaid puittooteid kliendi jooniste j\u00e4rgi, oma soovidest anna teada kirjutades info@decorento.ee<\/p>\n<p>&nbsp;<\/p>\n<p class=\"p1\"><strong>PANE T\u00c4HELE:<\/strong><\/p>\n<ul>\n<li class=\"p1\"><strong>Olenevalt ekraani seadetest v\u00f5ivad reaalsed toonid pildist veidi erineda.\u00a0<\/strong><\/li>\n<li class=\"p1\"><b>Pilt on illustratiivne, toode v\u00f5ib veidi erineda pildist, tegemist on naturaalse loodusliku materjaliga ja k\u00e4sit\u00f6\u00f6ga.<\/b><\/li>\n<li class=\"p1\"><strong><span class=\"Apple-converted-space\">Tellimuse t\u00f6\u00f6tlemine ja v\u00e4ljasaatmine v\u00f5tab aega kuni 3 t\u00f6\u00f6p\u00e4eva.\u00a0<\/span><\/strong><\/li>\n<\/ul>\n<p>Hinna sisse kuulub taimede pakendamine transpordiks, soovi korral saab lisatasu eest pakendada ka kingitusena. Toodet on v\u00f5imalik tellida pakiautomaatidesse \u00fcle Eesti.<\/p>\n","protected":false},"featured_media":3740,"template":"","meta":[],"product_brand":[],"product_cat":[148],"product_tag":[181,186,193,163,162,169,200,158,164],"class_list":{"0":"post-3016","1":"product","2":"type-product","3":"status-publish","4":"has-post-thumbnail","6":"product_cat-kodusisustus","7":"product_tag-interjoor","8":"product_tag-kauapusivad-taimed","9":"product_tag-kingikomplekt","10":"product_tag-kingitus","11":"product_tag-kodusisustus","12":"product_tag-kuivlill","13":"product_tag-lillevaas","14":"product_tag-uinuvad-taimed","15":"product_tag-vaas","17":"first","18":"instock","19":"taxable","20":"shipping-taxable","21":"purchasable","22":"product-type-variable"},"_links":{"self":[{"href":"https:\/\/www.decorento.ee\/pood\/wp-json\/wp\/v2\/product\/3016","targetHints":{"allow":["GET"]}}],"collection":[{"href":"https:\/\/www.decorento.ee\/pood\/wp-json\/wp\/v2\/product"}],"about":[{"href":"https:\/\/www.decorento.ee\/pood\/wp-json\/wp\/v2\/types\/product"}],"wp:featuredmedia":[{"embeddable":true,"href":"https:\/\/www.decorento.ee\/pood\/wp-json\/wp\/v2\/media\/3740"}],"wp:attachment":[{"href":"https:\/\/www.decorento.ee\/pood\/wp-json\/wp\/v2\/media?parent=3016"}],"wp:term":[{"taxonomy":"product_brand","embeddable":true,"href":"https:\/\/www.decorento.ee\/pood\/wp-json\/wp\/v2\/product_brand?post=3016"},{"taxonomy":"product_cat","embeddable":true,"href":"https:\/\/www.decorento.ee\/pood\/wp-json\/wp\/v2\/product_cat?post=3016"},{"taxonomy":"product_tag","embeddable":true,"href":"https:\/\/www.decorento.ee\/pood\/wp-json\/wp\/v2\/product_tag?post=3016"}],"curies":[{"name":"wp","href":"https:\/\/api.w.org\/{rel}","templated":true}]}}