{"id":3042,"date":"2021-12-01T20:42:18","date_gmt":"2021-12-01T18:42:18","guid":{"rendered":"https:\/\/www.decorento.ee\/pood\/?post_type=product&#038;p=3042"},"modified":"2026-02-10T14:13:47","modified_gmt":"2026-02-10T12:13:47","slug":"klaaskuul-xmastree","status":"publish","type":"product","link":"https:\/\/www.decorento.ee\/pood\/toode\/klaaskuul-xmastree\/","title":{"rendered":"Klaaskuul &#8216;X-MAS TREE&#8217;"},"content":{"rendered":"<p>K\u00e4sitsi valmistatud kunstiteos, mis j\u00e4\u00e4b meeldej\u00e4\u00e4vaks kingituseks pikaks ajaks meenutades olulist p\u00e4eva ja kinkijat. Klaaskuul sobib eriliseks kingituseks armsale inimesele, heale kolleegile v\u00f5i koost\u00f6\u00f6partnerile. Pakub silmailu kodus riiulil, laual v\u00f5i\u00a0 kontoris hubase j\u00f5ulup\u00e4rase atmosf\u00e4\u00e4ri loomiseks.<\/p>\n<p class=\"p1\"><span style=\"vertical-align: inherit;\">Oma kimpudes, seadetes ja ehtedes kasutame k\u00f5rgkvaliteedseid stabiliseeritud lilli ja taimi Jaapani \u00fchelt k\u00f5ige tuntumalt ja pikema ajalooga uinuvate taimede tootjalt. Uinuvate ehk stabiliseeritud taimede n\u00e4ol on tegemist naturaalsete elustaimedega, mille t\u00f6\u00f6tlemisel on kasutatud spetsiaalset tehnoloogiat, mis tagab taimede pikaaegse s\u00e4ilimise, v\u00e4rskuse ja kauni v\u00e4limuse lausa aastateks. Stabiliseeritud lillede ja taimede keskmine eluiga on 3-5 aastat.\u00a0<\/span><\/p>\n<h3 class=\"p1\"><span style=\"vertical-align: inherit;\">KLAASKUUL KAUAS\u00c4ILIVATE LILLEDEGA: HOOLDAMISJUHEND<\/span><\/h3>\n<ul class=\"ul1\">\n<li class=\"li1\"><span style=\"vertical-align: inherit;\">V\u00e4ltige vee sattumist taimedele, lehtedele v\u00f5i hoiuanumasse (lillealus, vaas vm)<\/span><\/li>\n<li class=\"li1\"><span style=\"vertical-align: inherit;\">V\u00e4ltige otsest p\u00e4ikesevalgust ning \u00e4rge hoidke taimi aknalaual<\/span><\/li>\n<li class=\"li1\"><span style=\"vertical-align: inherit;\">\u00c4rge hoidke stabiliseeritud taimi k\u00f5rge \u00f5huniiskusega ruumides (vannitoad, saunad, basseinid jne). Optimaalne \u00f5huniiskus peaks olema alla 80%<\/span><\/li>\n<li class=\"li1\"><span style=\"vertical-align: inherit;\">Optimaalne toatemperatuur peaks j\u00e4\u00e4ma vahemikku +5 kuni + 35 \u00b0. Samuti on soovitatav v\u00e4ltida j\u00e4rske temperatuurimuutusi<\/span><\/li>\n<li class=\"li1\"><span style=\"vertical-align: inherit;\">Soovi korral saab aeg-ajalt tolmu p\u00fchkida f\u00f6\u00f6ni k\u00fclma \u00f5hu funktsiooniga<\/span><\/li>\n<li class=\"li1\"><span style=\"vertical-align: inherit;\">Proovige v\u00f5imalusel taimi mitte katsuda<\/span><\/li>\n<li class=\"li1\"><span style=\"vertical-align: inherit;\">Stabiliseeritud \u00f5itel v\u00f5ivad tootmise erip\u00e4ra t\u00f5ttu olla kroonlehtedes kortsud ja praod. Seda ei peeta toote defektiks<\/span><\/li>\n<\/ul>\n","protected":false},"excerpt":{"rendered":"<p class=\"p1\">Klaaskuul pisikese j\u00f5ulukuusega. Lilleseade ei vaja hoolt, vett ega valgust ja p\u00fcsib kaunina aastaid.<\/p>\n<p class=\"p1\">Klaaskuuli suurus: 12 cm x 12 cm<\/p>\n<p>Hinna sisse kuulub klaaskuuli pakendamine transpordiks, soovi korral saab lisatasu eest pakendada ka kingitusena. V\u00f5imalik saata ka pakiatomaadiga.<\/p>\n<p><strong>PANE T\u00c4HELE:<\/strong><\/p>\n<ul>\n<li><strong>Olenevalt ekraani seadetest v\u00f5ivad reaalsed toonid pildist veidi erineda. <\/strong><\/li>\n<li><strong>Pane t\u00e4hele, et isegi siis, kui kasutame samu materjale, iga kompositsioon on k\u00e4sit\u00f6\u00f6, seega\u00a0\u00a0see v\u00f5ib veidi erineda pildist.<\/strong><\/li>\n<li><strong> Tellimuse t\u00f6\u00f6tlemine ja v\u00e4ljasaatmine v\u00f5tab aega kuni 3 t\u00f6\u00f6p\u00e4eva.\u00a0<\/strong><\/li>\n<\/ul>\n","protected":false},"featured_media":3045,"template":"","meta":[],"product_brand":[],"product_cat":[],"product_tag":[],"class_list":{"0":"post-3042","1":"product","2":"type-product","3":"status-publish","4":"has-post-thumbnail","7":"first","8":"instock","9":"taxable","10":"shipping-taxable","11":"purchasable","12":"product-type-simple"},"_links":{"self":[{"href":"https:\/\/www.decorento.ee\/pood\/wp-json\/wp\/v2\/product\/3042","targetHints":{"allow":["GET"]}}],"collection":[{"href":"https:\/\/www.decorento.ee\/pood\/wp-json\/wp\/v2\/product"}],"about":[{"href":"https:\/\/www.decorento.ee\/pood\/wp-json\/wp\/v2\/types\/product"}],"wp:featuredmedia":[{"embeddable":true,"href":"https:\/\/www.decorento.ee\/pood\/wp-json\/wp\/v2\/media\/3045"}],"wp:attachment":[{"href":"https:\/\/www.decorento.ee\/pood\/wp-json\/wp\/v2\/media?parent=3042"}],"wp:term":[{"taxonomy":"product_brand","embeddable":true,"href":"https:\/\/www.decorento.ee\/pood\/wp-json\/wp\/v2\/product_brand?post=3042"},{"taxonomy":"product_cat","embeddable":true,"href":"https:\/\/www.decorento.ee\/pood\/wp-json\/wp\/v2\/product_cat?post=3042"},{"taxonomy":"product_tag","embeddable":true,"href":"https:\/\/www.decorento.ee\/pood\/wp-json\/wp\/v2\/product_tag?post=3042"}],"curies":[{"name":"wp","href":"https:\/\/api.w.org\/{rel}","templated":true}]}}