{"id":3288,"date":"2022-01-17T09:49:17","date_gmt":"2022-01-17T07:49:17","guid":{"rendered":"https:\/\/www.decorento.ee\/pood\/?post_type=product&#038;p=3288"},"modified":"2025-10-21T17:10:35","modified_gmt":"2025-10-21T14:10:35","slug":"lillealus-oslo","status":"publish","type":"product","link":"https:\/\/www.decorento.ee\/pood\/toode\/lillealus-oslo\/","title":{"rendered":"Lillealus &#8216;OSLO&#8217;"},"content":{"rendered":"<h2>Lillealus &#8216;OSLO&#8217;<\/h2>\n<p>Tugeva konstruktsiooniga lillealus on vastupidav ja sobib ka raske lillepoti jaoks. Lillealust v\u00f5imaldab asetada toalilled erinevale k\u00f5rgusele, mis on heaks lahenduseks, kui lilli on palju, aga ruumist j\u00e4\u00e4b v\u00e4heks, lsaks n\u00e4evad eri tasanditel taimed palju efektsemad v\u00e4lja. Postament toalillede jaoks on stiilne element, mis suurep\u00e4raselt sobib kaasaegsesse interj\u00f6\u00f6ri.<\/p>\n<p>Rohkem sisustuselemente ja puidust tooteid leiad tootekategooriast <a href=\"https:\/\/www.decorento.ee\/pood\/tootekategooria\/puidust\/\">PUIDUST<\/a><\/p>\n<p>Lillealus on valmistatud k\u00e4sit\u00f6\u00f6na stuudio DecoRento puidut\u00f6\u00f6kojas. Kui sobivat toodet ei leidnud, siis saame selle sinu jaoks eritellimusena valmistada. K\u00fcsi julgelt n\u00f5u v\u00f5i saada oma joonis: \u00a0info@decorento.ee<\/p>\n<p>Et olla kursis meie tegemistega j\u00e4lgi meid instagramis :<br \/>\n<a href=\"https:\/\/www.instagram.com\/decorento.ee\/\" target=\"_blank\" rel=\"noopener\">\u00dcRITUSTE KORRALDUS JA DEKOREERIMINE<\/a><br \/>\n<a href=\"https:\/\/www.instagram.com\/decorento.ee.pood\/\" target=\"_blank\" rel=\"noopener\">UINUVAD LILLED JA KINGITUSED<\/a><\/p>\n","protected":false},"excerpt":{"rendered":"<p>Tugeva konstruktsiooniga puidust lillealus on praktiline ja stiilne sisustuselement, mis suurep\u00e4raselt sulandub kaasaegsesse interj\u00f6\u00f6ri. Lillealus sobib \u00fchele lillepotile.<\/p>\n<p><strong>K\u00f5rgus:<\/strong> 89 cm \/ <strong>Alus:<\/strong> 24 cm x 24 cm<br \/>\n<strong>Materjal:<\/strong> puit<br \/>\n<strong>V\u00e4rv:<\/strong> must<br \/>\n<strong>Laoseis:<\/strong> must x tellimisel<\/p>\n<p><strong>PANE T\u00c4HELE: <\/strong><\/p>\n<p>Stuudio DecoRento asub Tartus ja tooted, mis on pikemad kui 60cm ei mahu pakiautomaatidesse, k\u00fcsi pakkumist transpordile \u00fcle Eesti kirjutades info@decorento.ee<\/p>\n<h3><\/h3>\n","protected":false},"featured_media":3291,"template":"","meta":[],"product_brand":[],"product_cat":[147],"product_tag":[],"class_list":{"0":"post-3288","1":"product","2":"type-product","3":"status-publish","4":"has-post-thumbnail","6":"product_cat-puidust","8":"first","9":"instock","10":"taxable","11":"shipping-taxable","12":"purchasable","13":"product-type-simple"},"_links":{"self":[{"href":"https:\/\/www.decorento.ee\/pood\/wp-json\/wp\/v2\/product\/3288","targetHints":{"allow":["GET"]}}],"collection":[{"href":"https:\/\/www.decorento.ee\/pood\/wp-json\/wp\/v2\/product"}],"about":[{"href":"https:\/\/www.decorento.ee\/pood\/wp-json\/wp\/v2\/types\/product"}],"wp:featuredmedia":[{"embeddable":true,"href":"https:\/\/www.decorento.ee\/pood\/wp-json\/wp\/v2\/media\/3291"}],"wp:attachment":[{"href":"https:\/\/www.decorento.ee\/pood\/wp-json\/wp\/v2\/media?parent=3288"}],"wp:term":[{"taxonomy":"product_brand","embeddable":true,"href":"https:\/\/www.decorento.ee\/pood\/wp-json\/wp\/v2\/product_brand?post=3288"},{"taxonomy":"product_cat","embeddable":true,"href":"https:\/\/www.decorento.ee\/pood\/wp-json\/wp\/v2\/product_cat?post=3288"},{"taxonomy":"product_tag","embeddable":true,"href":"https:\/\/www.decorento.ee\/pood\/wp-json\/wp\/v2\/product_tag?post=3288"}],"curies":[{"name":"wp","href":"https:\/\/api.w.org\/{rel}","templated":true}]}}