{"id":3424,"date":"2022-01-24T12:49:52","date_gmt":"2022-01-24T10:49:52","guid":{"rendered":"https:\/\/www.decorento.ee\/pood\/?post_type=product&#038;p=3424"},"modified":"2022-01-27T19:37:42","modified_gmt":"2022-01-27T17:37:42","slug":"puidustlaudratastel-billy","status":"publish","type":"product","link":"https:\/\/www.decorento.ee\/pood\/toode\/puidustlaudratastel-billy\/","title":{"rendered":"Puidust laud ratastel &#8216;BILLY&#8217;"},"content":{"rendered":"<p>Liikuv pruun laud ratastel. Efektne dekoratsioon pidustustele. Ideaalne tervituslaud pulma, kena magusalaud beebipeole v\u00f5i s\u00fcnnip\u00e4evale. Omap\u00e4erane buffet v\u00f5i cateringi laud. Lihtne lahti v\u00f5tta ja kokku panna.<\/p>\n<p>Puidust laud-k\u00e4ru on k\u00e4sit\u00f6\u00f6 ja on valminud Stuudio DecoRento puidut\u00f6\u00f6kojas. V\u00f5imalik valmistada erinevaid puittooteid kliendi jooniste j\u00e4rgi, oma soovidest anna teada kirjutades info@decorento.ee<\/p>\n","protected":false},"excerpt":{"rendered":"<p>Maal\u00e4hedases stiilis puidust laud ratastel. Sobib dekoratsiooniks erinevatele pidustustele. Lahtik\u00e4iv, lihtne transportida. K\u00e4sit\u00f6\u00f6.<\/p>\n<p>M\u00f5\u00f5dud: laud 130 cm x 80 cm x 80 cm, h: 225 cm<\/p>\n<p>V\u00e4rvivalik: pruun peits<\/p>\n<p><strong>PANE T\u00c4HELE: Stuudio DecoRento asub Tartus ja tooted, mis on pikemad kui 60cm ei mahu pakiautomaatidesse, k\u00fcsi pakkumist transpordile \u00fcle Eesti kirjutades info@decorento.ee\u00a0<\/strong><\/p>\n","protected":false},"featured_media":3428,"template":"","meta":[],"product_brand":[],"product_cat":[147],"product_tag":[],"class_list":{"0":"post-3424","1":"product","2":"type-product","3":"status-publish","4":"has-post-thumbnail","6":"product_cat-puidust","8":"first","9":"instock","10":"taxable","11":"shipping-taxable","12":"purchasable","13":"product-type-simple"},"_links":{"self":[{"href":"https:\/\/www.decorento.ee\/pood\/wp-json\/wp\/v2\/product\/3424","targetHints":{"allow":["GET"]}}],"collection":[{"href":"https:\/\/www.decorento.ee\/pood\/wp-json\/wp\/v2\/product"}],"about":[{"href":"https:\/\/www.decorento.ee\/pood\/wp-json\/wp\/v2\/types\/product"}],"wp:featuredmedia":[{"embeddable":true,"href":"https:\/\/www.decorento.ee\/pood\/wp-json\/wp\/v2\/media\/3428"}],"wp:attachment":[{"href":"https:\/\/www.decorento.ee\/pood\/wp-json\/wp\/v2\/media?parent=3424"}],"wp:term":[{"taxonomy":"product_brand","embeddable":true,"href":"https:\/\/www.decorento.ee\/pood\/wp-json\/wp\/v2\/product_brand?post=3424"},{"taxonomy":"product_cat","embeddable":true,"href":"https:\/\/www.decorento.ee\/pood\/wp-json\/wp\/v2\/product_cat?post=3424"},{"taxonomy":"product_tag","embeddable":true,"href":"https:\/\/www.decorento.ee\/pood\/wp-json\/wp\/v2\/product_tag?post=3424"}],"curies":[{"name":"wp","href":"https:\/\/api.w.org\/{rel}","templated":true}]}}