{"id":3574,"date":"2022-01-29T10:22:42","date_gmt":"2022-01-29T08:22:42","guid":{"rendered":"https:\/\/www.decorento.ee\/pood\/?post_type=product&#038;p=3574"},"modified":"2022-02-01T23:54:06","modified_gmt":"2022-02-01T21:54:06","slug":"kuivatatud-taimed-nigellapink","status":"publish","type":"product","link":"https:\/\/www.decorento.ee\/pood\/toode\/kuivatatud-taimed-nigellapink\/","title":{"rendered":"Kuivatatud taim &#8216;NIGELLA PINK&#8217; 45cm"},"content":{"rendered":"<p class=\"p1\">T\u00e4nap\u00e4eval on uinuvad ja kuivatatud taimed \u00fcks olulisi ja trendikaid kodusisustuselemente. Kauap\u00fcsivad taimed ei vaja hoolt, p\u00fcsivad kaunina aastaid ja on vaieldamatud pilgup\u00fc\u00fcdjad nii modernses minimalistlikus kui ka klassikalises interj\u00f6\u00f6ris. Naturaalsed taimed aitavad kiirelt luua kodus hubase atmosf\u00e4\u00e4ri.<\/p>\n<p class=\"p1\"><span style=\"vertical-align: inherit\">Taimedele sobiva vaasivalikuga saad tutvuda siin <a href=\"https:\/\/www.decorento.ee\/pood\/tootekategooria\/kodusisustus\/\">KODUSISUSTUS<\/a><\/span><\/p>\n<p class=\"p1\"><span style=\"vertical-align: inherit\">Stabiliseeritud ja kuivatatud taimed ning lilled ostame sisse Jaapani \u00fchelt k\u00f5ige tuntumalt ja pikema ajalooga uinuvate taimede tootjalt. Uinuvate ehk stabiliseeritud taimede n\u00e4ol on tegemist naturaalsete elustaimedega, mille t\u00f6\u00f6tlemisel on kasutatud spetsiaalset tehnoloogiat, mis tagab taimede pikaaegse s\u00e4ilimise, v\u00e4rskuse ja kauni v\u00e4limuse lausa aastateks. Stabiliseeritud lillede ja taimede\u00a0 eluiga on kuni 3 aastat.\u00a0<\/span><\/p>\n<h2 class=\"p1\"><span style=\"vertical-align: inherit\"><br \/>\nKuivatatud taim:<br \/>\n<\/span>HOOLDAMISJUHEND<\/h2>\n<ul class=\"ul1\">\n<li class=\"li1\"><span style=\"vertical-align: inherit\">V\u00e4ltige vee sattumist taimedele, lehtedele v\u00f5i hoiuanumasse (lillealus, vaas vm)<\/span><\/li>\n<li class=\"li1\"><span style=\"vertical-align: inherit\">V\u00e4ltige otsest p\u00e4ikesevalgust ning \u00e4rge hoidke taimi aknalaual<\/span><\/li>\n<li class=\"li1\"><span style=\"vertical-align: inherit\">\u00c4rge hoidke stabiliseeritud taimi k\u00f5rge \u00f5huniiskusega ruumides (vannitoad, saunad, basseinid jne). Optimaalne \u00f5huniiskus peaks olema alla 80%<\/span><\/li>\n<li class=\"li1\"><span style=\"vertical-align: inherit\">Optimaalne toatemperatuur peaks j\u00e4\u00e4ma vahemikku +5 kuni + 35 \u00b0. Samuti on soovitatav v\u00e4ltida j\u00e4rske temperatuurimuutusi<\/span><\/li>\n<li class=\"li1\"><span style=\"vertical-align: inherit\">Soovi korral saab aeg-ajalt tolmu p\u00fchkida f\u00f6\u00f6ni k\u00fclma \u00f5hu funktsiooniga<\/span><\/li>\n<li class=\"li1\"><span style=\"vertical-align: inherit\">Proovige v\u00f5imalusel taimi mitte katsuda<\/span><\/li>\n<li class=\"li1\"><span style=\"vertical-align: inherit\">Stabiliseeritud \u00f5itel v\u00f5ivad tootmise erip\u00e4ra t\u00f5ttu olla kroonlehtedes kortsud ja praod. Seda ei peeta toote defektiks<\/span><\/li>\n<\/ul>\n<p>&nbsp;<\/p>\n<p>Et olla kursis meie tegemistega ja saada inspiratsiooni j\u00e4lgi meid <a href=\"https:\/\/www.instagram.com\/decorento.ee.pood\/\" target=\"_blank\" rel=\"noopener\">Instagramis<\/a><\/p>\n<p>&nbsp;<\/p>\n<p class=\"p1\"><span style=\"vertical-align: inherit\">\u00a0<\/span><\/p>\n","protected":false},"excerpt":{"rendered":"<p class=\"p1\">Kuivatatud taimed ei vaja hoolt ja on trendikas lisa nii kaasaegses kui ka klassikalises interj\u00f6\u00f6ris. Elegantne naturaalne taim NIGELLA on efektne nii mono kimbuna, kui ka koos teiste uinuvate ja kuivatatud taimedega.<\/p>\n<p class=\"p1\">Pundi pikkus: 45 cm<br \/>\nV\u00e4rv: roosa<\/p>\n<p class=\"p1\"><strong>PANE T\u00c4HELE:<\/strong><\/p>\n<ul>\n<li class=\"p1\"><strong>Olenevalt ekraani seadetest v\u00f5ivad reaalsed toonid pildist veidi erineda.\u00a0<\/strong><\/li>\n<li class=\"p1\"><b>Pilt on illustratiivne, toode v\u00f5ib veidi erineda pildist, sest tegemist on naturaalse loodusliku materjaliga.<\/b><\/li>\n<li class=\"p1\"><strong><span class=\"Apple-converted-space\">Tellimuse t\u00f6\u00f6tlemine ja v\u00e4ljasaatmine v\u00f5tab aega kuni 3 t\u00f6\u00f6p\u00e4eva.\u00a0<\/span><\/strong><\/li>\n<\/ul>\n<p>Hinna sisse kuulub taimede pakendamine transpordiks, soovi korral saab lisatasu eest pakendada ka kingitusena. Toodet on v\u00f5imalik tellida pakiautomaatidesse \u00fcle Eesti.<\/p>\n<p style=\"text-align: left\">\n","protected":false},"featured_media":3575,"template":"","meta":[],"product_brand":[],"product_cat":[149],"product_tag":[181,162,183,184,182,180,176],"class_list":{"0":"post-3574","1":"product","2":"type-product","3":"status-publish","4":"has-post-thumbnail","6":"product_cat-uinuvad-taimed","7":"product_tag-interjoor","8":"product_tag-kodusisustus","9":"product_tag-kodusisutus","10":"product_tag-kuivad-lilled","11":"product_tag-kuivatatud-lill","12":"product_tag-kuivatatud-taimed","13":"product_tag-kuivlilled","15":"first","16":"instock","17":"taxable","18":"shipping-taxable","19":"purchasable","20":"product-type-simple"},"_links":{"self":[{"href":"https:\/\/www.decorento.ee\/pood\/wp-json\/wp\/v2\/product\/3574","targetHints":{"allow":["GET"]}}],"collection":[{"href":"https:\/\/www.decorento.ee\/pood\/wp-json\/wp\/v2\/product"}],"about":[{"href":"https:\/\/www.decorento.ee\/pood\/wp-json\/wp\/v2\/types\/product"}],"wp:featuredmedia":[{"embeddable":true,"href":"https:\/\/www.decorento.ee\/pood\/wp-json\/wp\/v2\/media\/3575"}],"wp:attachment":[{"href":"https:\/\/www.decorento.ee\/pood\/wp-json\/wp\/v2\/media?parent=3574"}],"wp:term":[{"taxonomy":"product_brand","embeddable":true,"href":"https:\/\/www.decorento.ee\/pood\/wp-json\/wp\/v2\/product_brand?post=3574"},{"taxonomy":"product_cat","embeddable":true,"href":"https:\/\/www.decorento.ee\/pood\/wp-json\/wp\/v2\/product_cat?post=3574"},{"taxonomy":"product_tag","embeddable":true,"href":"https:\/\/www.decorento.ee\/pood\/wp-json\/wp\/v2\/product_tag?post=3574"}],"curies":[{"name":"wp","href":"https:\/\/api.w.org\/{rel}","templated":true}]}}