{"id":3633,"date":"2022-01-30T01:32:53","date_gmt":"2022-01-29T23:32:53","guid":{"rendered":"https:\/\/www.decorento.ee\/pood\/?post_type=product&#038;p=3633"},"modified":"2022-02-01T19:37:27","modified_gmt":"2022-02-01T17:37:27","slug":"klaasvaas-chess","status":"publish","type":"product","link":"https:\/\/www.decorento.ee\/pood\/toode\/klaasvaas-chess\/","title":{"rendered":"Klaasist vaas &#8216;CHESS&#8217;"},"content":{"rendered":"<h3>Klaasist vaas &#8216;CHESS&#8217;<\/h3>\n<p>Uinuvad taimed ja ehtsad l\u00f5ikelilled on interj\u00f6\u00f6ris alati imelised, loovad kodus m\u00f5nusa ning hubase atmosf\u00e4\u00e4ri. K\u00fcll aga vajavad nii stabiliseeritud ja kuivatatud taimed kui ka p\u00e4rislilled vaasi. Vaasi valimisel tuleb l\u00e4htuda kodusisustusest ja vaasi otstarbest. \u00d5ieti valitud vaasist ja v\u00f5ib interj\u00f6\u00f6ris saada t\u00f5eline pilgup\u00fc\u00fcdja!<br \/>\nMeie valikust leiad erinevates suurustes, disainides ja materjalidest vaase. K\u00f5ik kodulehel m\u00fc\u00fcgis olevad vaasid peavad vett ja sobivad nii l\u00f5ikelilledele, kui ka kuivatatud taimedele.<\/p>\n<p>Kauap\u00fcsivate taimede valikuga saad tutvuda kategoorias <a href=\"https:\/\/www.decorento.ee\/pood\/tootekategooria\/uinuvad-taimed\/\">UINUVAD TAIMED<\/a><\/p>\n<p>Et olla kursis meie igap\u00e4evaste tegemstega ja saada inspiratsiooni j\u00e4lgi meid <a href=\"https:\/\/www.instagram.com\/decorento.ee.pood\/\" target=\"_blank\" rel=\"noopener\">Instagramis<\/a><\/p>\n","protected":false},"excerpt":{"rendered":"<p>Elegantne klaasist vaas &#8216;CHESS&#8217;<br \/>\nVaasi m\u00f5\u00f5dud: k\u00f5rgus 23,5 ava diameeter on 17.5 cm.<br \/>\nSaadaval kahes v\u00e4rvis: must ja valge<\/p>\n<p>Laia valiku uinuvaid ja kuivatatud taimi interj\u00f6\u00f6ri sisustamiseks leiad <a href=\"https:\/\/www.decorento.ee\/pood\/tootekategooria\/uinuvad-taimed\/\">siin:(LINK)<\/a><\/p>\n<p>V\u00e4rv: valge, saadaval ka <a href=\"https:\/\/www.decorento.ee\/pood\/toode\/klaasvaas-yang\/\">must(LINK)<\/a><\/p>\n","protected":false},"featured_media":3642,"template":"","meta":[],"product_brand":[],"product_cat":[148],"product_tag":[163,165,162,164],"class_list":{"0":"post-3633","1":"product","2":"type-product","3":"status-publish","4":"has-post-thumbnail","6":"product_cat-kodusisustus","7":"product_tag-kingitus","8":"product_tag-klaasvaas","9":"product_tag-kodusisustus","10":"product_tag-vaas","12":"first","13":"instock","14":"taxable","15":"shipping-taxable","16":"purchasable","17":"product-type-variable"},"_links":{"self":[{"href":"https:\/\/www.decorento.ee\/pood\/wp-json\/wp\/v2\/product\/3633","targetHints":{"allow":["GET"]}}],"collection":[{"href":"https:\/\/www.decorento.ee\/pood\/wp-json\/wp\/v2\/product"}],"about":[{"href":"https:\/\/www.decorento.ee\/pood\/wp-json\/wp\/v2\/types\/product"}],"wp:featuredmedia":[{"embeddable":true,"href":"https:\/\/www.decorento.ee\/pood\/wp-json\/wp\/v2\/media\/3642"}],"wp:attachment":[{"href":"https:\/\/www.decorento.ee\/pood\/wp-json\/wp\/v2\/media?parent=3633"}],"wp:term":[{"taxonomy":"product_brand","embeddable":true,"href":"https:\/\/www.decorento.ee\/pood\/wp-json\/wp\/v2\/product_brand?post=3633"},{"taxonomy":"product_cat","embeddable":true,"href":"https:\/\/www.decorento.ee\/pood\/wp-json\/wp\/v2\/product_cat?post=3633"},{"taxonomy":"product_tag","embeddable":true,"href":"https:\/\/www.decorento.ee\/pood\/wp-json\/wp\/v2\/product_tag?post=3633"}],"curies":[{"name":"wp","href":"https:\/\/api.w.org\/{rel}","templated":true}]}}