{"id":3863,"date":"2022-02-23T18:09:35","date_gmt":"2022-02-23T16:09:35","guid":{"rendered":"https:\/\/www.decorento.ee\/pood\/?post_type=product&#038;p=3863"},"modified":"2023-05-29T13:50:16","modified_gmt":"2023-05-29T10:50:16","slug":"ruumiline-lillepilt-magic-mirror","status":"publish","type":"product","link":"https:\/\/www.decorento.ee\/pood\/toode\/ruumiline-lillepilt-magic-mirror\/","title":{"rendered":"Ruumiline lillepilt &#8216;MAGIC MIRROR&#8217;"},"content":{"rendered":"<div id=\"ez-toc-container\" class=\"ez-toc-v2_0_82_2 counter-hierarchy ez-toc-counter ez-toc-grey ez-toc-container-direction\">\n<p class=\"ez-toc-title\" style=\"cursor:inherit\">Table of Contents<\/p>\n<label for=\"ez-toc-cssicon-toggle-item-69f3d6130d2db\" class=\"ez-toc-cssicon-toggle-label\"><span class=\"\"><span class=\"eztoc-hide\" style=\"display:none;\">Toggle<\/span><span class=\"ez-toc-icon-toggle-span\"><svg style=\"fill: #999;color:#999\" xmlns=\"http:\/\/www.w3.org\/2000\/svg\" class=\"list-377408\" width=\"20px\" height=\"20px\" viewBox=\"0 0 24 24\" fill=\"none\"><path d=\"M6 6H4v2h2V6zm14 0H8v2h12V6zM4 11h2v2H4v-2zm16 0H8v2h12v-2zM4 16h2v2H4v-2zm16 0H8v2h12v-2z\" fill=\"currentColor\"><\/path><\/svg><svg style=\"fill: #999;color:#999\" class=\"arrow-unsorted-368013\" xmlns=\"http:\/\/www.w3.org\/2000\/svg\" width=\"10px\" height=\"10px\" viewBox=\"0 0 24 24\" version=\"1.2\" baseProfile=\"tiny\"><path d=\"M18.2 9.3l-6.2-6.3-6.2 6.3c-.2.2-.3.4-.3.7s.1.5.3.7c.2.2.4.3.7.3h11c.3 0 .5-.1.7-.3.2-.2.3-.5.3-.7s-.1-.5-.3-.7zM5.8 14.7l6.2 6.3 6.2-6.3c.2-.2.3-.5.3-.7s-.1-.5-.3-.7c-.2-.2-.4-.3-.7-.3h-11c-.3 0-.5.1-.7.3-.2.2-.3.5-.3.7s.1.5.3.7z\"\/><\/svg><\/span><\/span><\/label><input type=\"checkbox\"  id=\"ez-toc-cssicon-toggle-item-69f3d6130d2db\"  aria-label=\"Toggle\" \/><nav><ul class='ez-toc-list ez-toc-list-level-1 ' ><li class='ez-toc-page-1 ez-toc-heading-level-3'><a class=\"ez-toc-link ez-toc-heading-1\" href=\"https:\/\/www.decorento.ee\/pood\/toode\/ruumiline-lillepilt-magic-mirror\/#Uinuvad_lilled_Ruumiline_lillepilt_%E2%80%98MAGIC_MIRROR\" >Uinuvad lilled: Ruumiline lillepilt &#8216;MAGIC MIRROR&#8217;<\/a><\/li><li class='ez-toc-page-1 ez-toc-heading-level-3'><a class=\"ez-toc-link ez-toc-heading-2\" href=\"https:\/\/www.decorento.ee\/pood\/toode\/ruumiline-lillepilt-magic-mirror\/#Mis_on_uinuvad_lilled\" >Mis on uinuvad lilled?<\/a><\/li><li class='ez-toc-page-1 ez-toc-heading-level-3'><a class=\"ez-toc-link ez-toc-heading-3\" href=\"https:\/\/www.decorento.ee\/pood\/toode\/ruumiline-lillepilt-magic-mirror\/#Uinuvad_lilled_Ruumiline_lillepilt_%E2%80%98MAGIC_MIRROR-2\" >Uinuvad lilled: Ruumiline lillepilt &#8216;MAGIC MIRROR&#8217;<\/a><\/li><li class='ez-toc-page-1 ez-toc-heading-level-3'><a class=\"ez-toc-link ez-toc-heading-4\" href=\"https:\/\/www.decorento.ee\/pood\/toode\/ruumiline-lillepilt-magic-mirror\/#HOOLDAMISJUHEND\" >HOOLDAMISJUHEND<\/a><\/li><\/ul><\/nav><\/div>\n<h3><span class=\"ez-toc-section\" id=\"Uinuvad_lilled_Ruumiline_lillepilt_%E2%80%98MAGIC_MIRROR\"><\/span>Uinuvad lilled: Ruumiline lillepilt &#8216;MAGIC MIRROR&#8217;<span class=\"ez-toc-section-end\"><\/span><\/h3>\n<p>Unikaalne ja luksuslik peegel\u00e4\u00e4rtega raam kauap\u00fcsivate taimedega on eriline kingitus. Uinuvad lilled p\u00fcsivad muutumatult kaunina aastaid ja r\u00f5\u00f5mustavad saajat uskumatult pikka aega. Ruumiline lillepilt &#8216;MAGIC MIRROR&#8217; on silmapaistev ja originaalne sisustuselement kaasaegse interj\u00f6\u00f6ri dekoreerimiseks.<br \/>\nLillepilt uinuvate lilledega on Eesti k\u00e4sit\u00f6\u00f6, iga\u00fcks on ainulaadne kunstiteos.<\/p>\n<h3 class=\"p1\"><span class=\"ez-toc-section\" id=\"Mis_on_uinuvad_lilled\"><\/span><span style=\"vertical-align: inherit;\">Mis on uinuvad lilled?<\/span><span class=\"ez-toc-section-end\"><\/span><\/h3>\n<ul>\n<li>Uinuvad ehk stabiliseeritud lilled on naturaalsed elustaimed, mis p\u00fcsivad keskmiselt 3 aastat.<\/li>\n<li>Ehtsad lilled on t\u00f6\u00f6deldud spetsiaalse tehnnoloogia abil. Taimede loomulik niiksus eemaldatakse ja asendatakse s\u00e4ilitusainetega gl\u00fctseriini baasil, mis tagavad taimede<span style=\"vertical-align: inherit;\"> pikaaegse s\u00e4ilimise, v\u00e4rskuse ja kauni v\u00e4limuse lausa aastateks.<\/span><\/li>\n<li><span class=\"Y2IQFc\" lang=\"et\">Iga lill l\u00e4bib range valiku vastavalt teatud kriteeriumidele, punga suurusele ja kvaliteedile. Seej\u00e4rel pleegitatakse l\u00f5igatud ehtne taim v\u00e4rvituks. See protsess v\u00f5tab mitu p\u00e4eva aega. P\u00e4rast seda valitakse igale lillele oma v\u00e4rv ja koostatakse v\u00e4rvivalem. T\u00e4nu sellele protsessile on saadaval peaaegu iga vikerkaarev\u00e4rvi lille &#8211; looduslikust kuni k\u00f5ige s\u00e4ravama ja ebatavalisemani.<\/span><\/li>\n<li>Lahus, millega taimi stabiliseerimisprotsessi ajal t\u00f6\u00f6deldakse, on absoluutselt ohutu nii inimestele kui loomadele. K\u00f5ik tooted l\u00e4bivad erinevaid katseid ja peavad olema sertifitseeritud enne m\u00fc\u00fcgipunktidesse saatmist.<\/li>\n<li><span class=\"Y2IQFc\" lang=\"et\">H\u00fcpoallergeenne. Erinevalt tavalistest lilledest, mille \u00f5ietolm v\u00f5ib p\u00f5hjustada allergiat, on s\u00e4ilitatud lilled t\u00e4iesti h\u00fcpoallergeensed.<\/span><\/li>\n<li>Stabiliseeritud taimed ei vaja hoolt, vett ega p\u00e4ikest. Uinuvad rohelised taimed on suurep\u00e4rane lahendus pimedasse v\u00f5i kunstliku valgusega ruumi.<\/li>\n<li>Uinuvad lilled on suurep\u00e4rane sisustuselement ja kaunis kingitus, mis r\u00f5\u00f5mustab saajat uskumatult pikka aega.<\/li>\n<\/ul>\n<p class=\"p1\"><span style=\"vertical-align: inherit;\">Oma t\u00f6\u00f6s kasutame k\u00f5rgkvaliteetseid stabiliseeritud lilli ja taimi Jaapani \u00fchelt k\u00f5ige tuntumalt ja pikema ajalooga uinuvate taimede tootjalt. Teeme pidevat koost\u00f6\u00f6d, et pakkuda Eesti turul k\u00f5ige laiemat uinuvate taimede valikut.\u00a0<\/span><\/p>\n<p>K\u00f5ik seaded, kimbud ja kompositsioonid on valmistatud Eestis, DecoRento stuudios. Erisoovide puhul kirjuta info@decorento.ee ja teeme sinu idee teoks!<\/p>\n<h3><span class=\"ez-toc-section\" id=\"Uinuvad_lilled_Ruumiline_lillepilt_%E2%80%98MAGIC_MIRROR-2\"><\/span>Uinuvad lilled: Ruumiline lillepilt &#8216;MAGIC MIRROR&#8217;<span class=\"ez-toc-section-end\"><\/span><\/h3>\n<h3><span class=\"ez-toc-section\" id=\"HOOLDAMISJUHEND\"><\/span><span style=\"vertical-align: inherit;\">HOOLDAMISJUHEND<\/span><span class=\"ez-toc-section-end\"><\/span><\/h3>\n<ul class=\"ul1\">\n<li class=\"li1\"><span style=\"vertical-align: inherit;\">V\u00e4ltige vee sattumist taimedele, lehtedele v\u00f5i hoiuanumasse.<\/span><\/li>\n<li class=\"li1\"><span style=\"vertical-align: inherit;\">V\u00e4ltige otsest p\u00e4ikesevalgust ning \u00e4rge hoidke taimi aknalaual.<\/span><\/li>\n<li class=\"li1\"><span style=\"vertical-align: inherit;\">\u00c4rge hoidke stabiliseeritud taimi k\u00f5rge \u00f5huniiskusega ruumides, nagu n\u00e4iteks vannitoad, saunad ja basseinid. \u00d5huniiskus peaks olema alla 80%<\/span><\/li>\n<li class=\"li1\"><span style=\"vertical-align: inherit;\">Optimaalne toatemperatuur peaks j\u00e4\u00e4ma vahemikku +5 kuni + 35 \u00b0. Samuti on soovitatav v\u00e4ltida j\u00e4rske temperatuurimuutusi<\/span><\/li>\n<li class=\"li1\"><span style=\"vertical-align: inherit;\">Soovi korral saab lilledelt aeg-ajalt \u00f5rnalt tolmu p\u00fchkida f\u00f6\u00f6ni k\u00fclma \u00f5hu funktsiooniga v\u00f5i pehme pintsliga.<\/span><\/li>\n<li class=\"li1\"><span style=\"vertical-align: inherit;\">Proovige taimi v\u00f5imalikult v\u00e4he katsuda. <\/span><\/li>\n<li class=\"li1\"><span style=\"vertical-align: inherit;\">Stabiliseeritud \u00f5itel v\u00f5ivad tootmise erip\u00e4ra t\u00f5ttu olla kroonlehtedes kortsud ja praod. Seda ei peeta toote defektiks.\u00a0<\/span><\/li>\n<\/ul>\n<p>Uinuvad taimed &#8211; suurep\u00e4rane kingiidee, mis r\u00f5\u00f5mustab saajat eriti pikka aega! Meie e-poest leiad laia valiku lillekarpe, kompositsioone ja lillekimpe erinevateks t\u00e4htp\u00e4evadeks igale maitsele.<br \/>\nPildiraamid uinuvate \u00f5itega sobivad kingituseks aastap\u00e4vaks, pulmakingiks v\u00f5i beebi s\u00fcnni puhul. Erinevad kimbud ja rikkalikud klaaskarbid on ideaalsed kingitused s\u00fcnnip\u00e4evaks, naistep\u00e4evaks, s\u00f5brap\u00e4evaks v\u00f5i hoopis v\u00e4rskele l\u00f5petajale.<\/p>\n<p>Oled v\u00e4sinud otsimast iga n\u00e4dal kimpe, et \u00f5nnitleda oma firma t\u00f6\u00f6tajaid? V\u00e4ike klaaskarp v\u00f5i klaaskuul kauas\u00e4iivate lillede ja taimedega on hea \u00e4rikingi idee, sest nii on sul \u00fcks mure v\u00e4hem &#8211; saad kasv\u00f5i terve aastavaru ette osta! Lisaks on see ilus ja eriline kingitus \u00e4ripartnerile.<\/p>\n<p>Stabiliseeritud lilled, uinuvad ja kuivatatud taimed on suurep\u00e4rased sisustustuselemendid. Efektsed kompositsioonid, kimbud ja p\u00e4rjad annavad lisav\u00e4\u00e4rtuse igale interj\u00f6\u00f6rile. Kvaliteetsed uinuvad lilli on raske eristada eluslilledest, nende eelis on uskumatult pikk p\u00fcsivus ja see, et need ei vaja absoluutselt mitte mingit hoolt.<\/p>\n<p>Et olla kursis meie igap\u00e4evaste tegemistega j\u00e4lgi meid instagramis <a href=\"https:\/\/www.instagram.com\/decorento.ee.pood\/\" target=\"_blank\" rel=\"noopener\">siin:(LINK)<\/a><\/p>\n","protected":false},"excerpt":{"rendered":"<p class=\"p1\">K\u00e4sit\u00f6\u00f6na valminud ruumiline lillepilt uinuvate lilledega on ainulaadne toode Eestis. Stabiliseeritud \u00f5ied p\u00fcsivad muutumatult kaunina aastaid! Kaunis sisustuselement ja suurep\u00e4rane kingiidee oluliseks t\u00e4htp\u00e4evaks, mis toob saajale r\u00f5\u00f5mu eriti pikka aega. Ruumiline lillepilt on tehtud puitkarbi sisse ja sobib ka riputamiseks. Lillepildi on v\u00f5imalik tellida ka teise v\u00e4rvilahendusega.<\/p>\n<p>Karbi m\u00f5\u00f5dud: <span style=\"vertical-align: inherit;\">\u00a016 cm x 16 cm x 7 cm<\/span><br \/>\nKarbi v\u00e4rv: must<\/p>\n<p><strong>PANE T\u00c4HELE:<\/strong><\/p>\n<ul>\n<li><strong>Olenevalt ekraani seadetest v\u00f5ivad reaalsed toonid pildist veidi erineda. <\/strong><\/li>\n<li><strong>Pane t\u00e4hele, et isegi siis, kui kasutame samu materjale, iga kompositsioon on k\u00e4sit\u00f6\u00f6, seega\u00a0\u00a0see v\u00f5ib veidi erineda pildist.<\/strong><\/li>\n<li><strong> Tellimuse t\u00f6\u00f6tlemine ja v\u00e4ljasaatmine v\u00f5tab aega kuni 3 t\u00f6\u00f6p\u00e4eva.<\/strong><\/li>\n<\/ul>\n<p>Hinna sisse kuulub toote pakendamine transpordiks, pakendamine kingitusena lisatasu eest. Kohaletoimetamine pakiautomaatidesse \u00fcle Eesti.<\/p>\n","protected":false},"featured_media":3869,"template":"","meta":[],"product_brand":[],"product_cat":[132,148],"product_tag":[],"class_list":{"0":"post-3863","1":"product","2":"type-product","3":"status-publish","4":"has-post-thumbnail","6":"product_cat-lillekarbid","7":"product_cat-kodusisustus","9":"first","10":"instock","11":"taxable","12":"shipping-taxable","13":"purchasable","14":"product-type-simple"},"_links":{"self":[{"href":"https:\/\/www.decorento.ee\/pood\/wp-json\/wp\/v2\/product\/3863","targetHints":{"allow":["GET"]}}],"collection":[{"href":"https:\/\/www.decorento.ee\/pood\/wp-json\/wp\/v2\/product"}],"about":[{"href":"https:\/\/www.decorento.ee\/pood\/wp-json\/wp\/v2\/types\/product"}],"wp:featuredmedia":[{"embeddable":true,"href":"https:\/\/www.decorento.ee\/pood\/wp-json\/wp\/v2\/media\/3869"}],"wp:attachment":[{"href":"https:\/\/www.decorento.ee\/pood\/wp-json\/wp\/v2\/media?parent=3863"}],"wp:term":[{"taxonomy":"product_brand","embeddable":true,"href":"https:\/\/www.decorento.ee\/pood\/wp-json\/wp\/v2\/product_brand?post=3863"},{"taxonomy":"product_cat","embeddable":true,"href":"https:\/\/www.decorento.ee\/pood\/wp-json\/wp\/v2\/product_cat?post=3863"},{"taxonomy":"product_tag","embeddable":true,"href":"https:\/\/www.decorento.ee\/pood\/wp-json\/wp\/v2\/product_tag?post=3863"}],"curies":[{"name":"wp","href":"https:\/\/api.w.org\/{rel}","templated":true}]}}