{"id":4251,"date":"2022-03-15T14:54:30","date_gmt":"2022-03-15T12:54:30","guid":{"rendered":"https:\/\/www.decorento.ee\/pood\/?post_type=product&#038;p=4251"},"modified":"2025-09-18T14:09:33","modified_gmt":"2025-09-18T11:09:33","slug":"vitamiinipomm11","status":"publish","type":"product","link":"https:\/\/www.decorento.ee\/pood\/toode\/vitamiinipomm11\/","title":{"rendered":"VITAMIINIPOMM 11"},"content":{"rendered":"<p>Eksootiline s\u00f6\u00f6dav lillekimp on ainulaadne kingitus s\u00fcnnip\u00e4evaks v\u00f5i m\u00f5neks muuks oluliseks t\u00e4htp\u00e4evaks. Lisaks kaunile v\u00e4limusele on k\u00f6\u00f6giviljakimp tervislik ja maitsev. Saame vastu tulla kliendi erisoovidele v\u00e4rvide, suuruste ja koostisosade kombinatsioonide osas, oma erisoovidest saab tellides teada anda m\u00e4rkuste kaudu.<\/p>\n<div class=\"g\">\n<div data-hveid=\"CG0QAA\" data-ved=\"2ahUKEwjkz_Lb9JL1AhUHmIsKHWWAD28QFSgAegQIbRAA\">\n<div class=\"tF2Cxc\">\n<div class=\"IsZvec\">\n<div class=\"VwiC3b yXK7lf MUxGbd yDYNvb lyLwlc lEBKkf\"><\/div>\n<\/div>\n<\/div>\n<\/div>\n<\/div>\n<p>&nbsp;<\/p>\n","protected":false},"excerpt":{"rendered":"<p>V\u00e4rske puu- ja k\u00f6\u00f6giviljakimp erinevate p\u00e4hklitega.<br \/>\n<strong>Koostisosad:<\/strong> puuvill, k\u00fc\u00fcslauk, t\u0161illi, erinevad p\u00e4hklid.<\/p>\n<p><strong>Kimbu suurus:<\/strong> <span class=\"nowrap\">\u00a0<\/span>\u00f8 25 cm<\/p>\n<p><strong>Tarneviisid:<\/strong> tulen ise j\u00e4rgi Peetri 28, Tartu &#8211; 0\u20ac; kullerteenus Tartus ja l\u00e4hi\u00fcmbruses &#8211; 10\u20ac; \u00fcle Eesti Cargobus-i terminali &#8211; 20\u20ac<\/p>\n<p><strong>PANE T\u00c4HELE:<\/strong><br \/>\n* KIMBU ETTETELLIMISE AEG \u2013 v\u00e4hemalt 2 T\u00d6\u00d6P\u00c4EVA!<br \/>\n* Kimbu ei ole v\u00f5imalik saata pakiautomaadiga.<br \/>\n* Kimbu koostisosad v\u00f5ivad veidi varieeruda vastavalt saadavusele &#8211; tegu on k\u00e4sit\u00f6\u00f6ga, seega iga kimp on unikaalne ja ei ole 100% identne pildil olevaga.<br \/>\n* K\u00f5ik puu- ja juurviljad sobivad s\u00f6\u00f6miseks, aga enne seda tuleks need voolava vee all puhtaks pesta.<br \/>\n* Kimp on valmistatud seadena, seega ei vaja vaasi. Saadaval kolmes suuruses S, M, L<\/p>\n","protected":false},"featured_media":4255,"template":"","meta":[],"product_brand":[],"product_cat":[50],"product_tag":[],"class_list":{"0":"post-4251","1":"product","2":"type-product","3":"status-publish","4":"has-post-thumbnail","6":"product_cat-puujajuurviljakimbud","8":"first","9":"onbackorder","10":"taxable","11":"shipping-taxable","12":"purchasable","13":"product-type-simple"},"_links":{"self":[{"href":"https:\/\/www.decorento.ee\/pood\/wp-json\/wp\/v2\/product\/4251","targetHints":{"allow":["GET"]}}],"collection":[{"href":"https:\/\/www.decorento.ee\/pood\/wp-json\/wp\/v2\/product"}],"about":[{"href":"https:\/\/www.decorento.ee\/pood\/wp-json\/wp\/v2\/types\/product"}],"wp:featuredmedia":[{"embeddable":true,"href":"https:\/\/www.decorento.ee\/pood\/wp-json\/wp\/v2\/media\/4255"}],"wp:attachment":[{"href":"https:\/\/www.decorento.ee\/pood\/wp-json\/wp\/v2\/media?parent=4251"}],"wp:term":[{"taxonomy":"product_brand","embeddable":true,"href":"https:\/\/www.decorento.ee\/pood\/wp-json\/wp\/v2\/product_brand?post=4251"},{"taxonomy":"product_cat","embeddable":true,"href":"https:\/\/www.decorento.ee\/pood\/wp-json\/wp\/v2\/product_cat?post=4251"},{"taxonomy":"product_tag","embeddable":true,"href":"https:\/\/www.decorento.ee\/pood\/wp-json\/wp\/v2\/product_tag?post=4251"}],"curies":[{"name":"wp","href":"https:\/\/api.w.org\/{rel}","templated":true}]}}