{"id":4753,"date":"2024-02-07T12:53:43","date_gmt":"2024-02-07T10:53:43","guid":{"rendered":"https:\/\/www.decorento.ee\/pood\/?post_type=product&#038;p=4753"},"modified":"2025-05-12T17:05:18","modified_gmt":"2025-05-12T14:05:18","slug":"lilleseade-minipinky","status":"publish","type":"product","link":"https:\/\/www.decorento.ee\/pood\/toode\/lilleseade-minipinky\/","title":{"rendered":"Lilleseade uinuvate roosidega &#8216;MINI PINKY&#8217;"},"content":{"rendered":"<p>K\u00e4sitsi valmistatud kunstiteos, mis j\u00e4\u00e4b meeldej\u00e4\u00e4vaks kingituseks pikaks ajaks, meenutamaks olulist p\u00e4eva ja kinkijat. Sobib eriliseks kingituseks armsale inimesele, heale kollegile v\u00f5i koost\u00f6\u00f6partnerile. Pakub silmailu kodus riiulil v\u00f5i kontoris hubase atmosf\u00e4\u00e4ri loomiseks.<\/p>\n<p class=\"p1\"><span style=\"vertical-align: inherit;\">Oma kimpudes, seadetes ja ehtedes kasutame k\u00f5rgkvaliteedseid stabiliseeritud lilli ja taimi Jaapani \u00fchelt k\u00f5ige tuntumalt ja pikema ajalooga uinuvate taimede tootjalt. Uinuvate ehk stabiliseeritud taimede n\u00e4ol on tegemist naturaalsete elustaimedega, mille t\u00f6\u00f6tlemisel on kasutatud spetsiaalset tehnoloogiat, mis tagab taimede pikaaegse s\u00e4ilimise, v\u00e4rskuse ja kauni v\u00e4limuse lausa aastateks. Stabiliseeritud lillede ja taimede keskmine eluiga on 3-5 aastat.\u00a0<\/span><\/p>\n<h3 class=\"p1\"><span style=\"vertical-align: inherit;\">LILLESEADE UINUVATE ROOSIDEGA: HOOLDAMISJUHEND<\/span><\/h3>\n<ul class=\"ul1\">\n<li class=\"li1\"><span style=\"vertical-align: inherit;\">V\u00e4ltige vee sattumist taimedele, lehtedele v\u00f5i hoiuanumasse (lillealus, vaas vm)<\/span><\/li>\n<li class=\"li1\"><span style=\"vertical-align: inherit;\">V\u00e4ltige otsest p\u00e4ikesevalgust ning \u00e4rge hoidke taimi aknalaual<\/span><\/li>\n<li class=\"li1\"><span style=\"vertical-align: inherit;\">\u00c4rge hoidke stabiliseeritud taimi k\u00f5rge \u00f5huniiskusega ruumides (vannitoad, saunad, basseinid jne). Optimaalne \u00f5huniiskus peaks olema alla 80%<\/span><\/li>\n<li class=\"li1\" style=\"text-align: left;\"><span style=\"vertical-align: inherit;\">Optimaalne toatemperatuur peaks j\u00e4\u00e4ma vahemikku +5 kuni + 35 \u00b0. Samuti on soovitatav v\u00e4ltida j\u00e4rske temperatuurimuutusi<\/span><\/li>\n<li class=\"li1\"><span style=\"vertical-align: inherit;\">Soovi korral saab aeg-ajalt tolmu p\u00fchkida f\u00f6\u00f6ni k\u00fclma \u00f5hu funktsiooniga<\/span><\/li>\n<li class=\"li1\"><span style=\"vertical-align: inherit;\">Proovige v\u00f5imalusel taimi mitte katsuda<\/span><\/li>\n<li class=\"li1\"><span style=\"vertical-align: inherit;\">Stabiliseeritud \u00f5itel v\u00f5ivad tootmise erip\u00e4ra t\u00f5ttu olla kroonlehtedes kortsud ja praod. Seda ei peeta toote defektiks<\/span><\/li>\n<\/ul>\n","protected":false},"excerpt":{"rendered":"<p class=\"p1\">V\u00e4ike lilleseade uinuvate roosidega &#8216;MINI PINKY&#8217;, m\u00fc\u00fcgil koos pildil oleva keraamikaga. Seades on kasutatud uinuvad roosid erinevates roosa toonides ja teised kauas\u00e4ilivad taimed. Lilleseade ei vaja vett ega hoolt ja p\u00fcsib kaunina aastaid.<\/p>\n<p>Lilleseade m\u00f5\u00f5dud: k 16 cm x 20 cm, keraamika m\u00f5\u00f5dud: 7 cm x 7 cm<\/p>\n<p>Hinna sisse kuulub lilleseade pakendamine transpordiks, soovi korral saab lisatasu eest pakendada ka kingitusena. V\u00f5imalik saatmine pakiautomaadiga.<\/p>\n<p>Viimasel pildil on koos lilleseadega <a href=\"https:\/\/www.decorento.ee\/pood\/toode\/lilleseade-miniblush\/\">&#8216;MINI BLUSH&#8217; (LINK)<\/a><\/p>\n<p class=\"p1\"><strong>PANE T\u00c4HELE:<\/strong><\/p>\n<ul>\n<li class=\"p1\"><strong>Olenevalt ekraani seadetest v\u00f5ivad reaalsed toonid pildist veidi erineda.\u00a0<\/strong><\/li>\n<li class=\"p1\"><strong>Isegi siis, kui kasutame samu materjale, iga kompositsioon on k\u00e4sit\u00f6\u00f6, seega<span class=\"Apple-converted-space\">\u00a0\u00a0<\/span>see v\u00f5ib veidi erineda pildist. <\/strong><\/li>\n<li class=\"p1\"><strong><span class=\"Apple-converted-space\">Tellimuse t\u00f6\u00f6tlemine ja v\u00e4ljasaatmine v\u00f5tab aega kuni 3 t\u00f6\u00f6p\u00e4eva.\u00a0<\/span><\/strong><\/li>\n<\/ul>\n","protected":false},"featured_media":4755,"template":"","meta":[],"product_brand":[],"product_cat":[99],"product_tag":[],"class_list":{"0":"post-4753","1":"product","2":"type-product","3":"status-publish","4":"has-post-thumbnail","6":"product_cat-uinuvadseaded","8":"first","9":"onbackorder","10":"taxable","11":"shipping-taxable","12":"purchasable","13":"product-type-simple"},"_links":{"self":[{"href":"https:\/\/www.decorento.ee\/pood\/wp-json\/wp\/v2\/product\/4753","targetHints":{"allow":["GET"]}}],"collection":[{"href":"https:\/\/www.decorento.ee\/pood\/wp-json\/wp\/v2\/product"}],"about":[{"href":"https:\/\/www.decorento.ee\/pood\/wp-json\/wp\/v2\/types\/product"}],"wp:featuredmedia":[{"embeddable":true,"href":"https:\/\/www.decorento.ee\/pood\/wp-json\/wp\/v2\/media\/4755"}],"wp:attachment":[{"href":"https:\/\/www.decorento.ee\/pood\/wp-json\/wp\/v2\/media?parent=4753"}],"wp:term":[{"taxonomy":"product_brand","embeddable":true,"href":"https:\/\/www.decorento.ee\/pood\/wp-json\/wp\/v2\/product_brand?post=4753"},{"taxonomy":"product_cat","embeddable":true,"href":"https:\/\/www.decorento.ee\/pood\/wp-json\/wp\/v2\/product_cat?post=4753"},{"taxonomy":"product_tag","embeddable":true,"href":"https:\/\/www.decorento.ee\/pood\/wp-json\/wp\/v2\/product_tag?post=4753"}],"curies":[{"name":"wp","href":"https:\/\/api.w.org\/{rel}","templated":true}]}}