{"id":5069,"date":"2024-07-29T15:38:38","date_gmt":"2024-07-29T12:38:38","guid":{"rendered":"https:\/\/www.decorento.ee\/pood\/?post_type=product&#038;p=5069"},"modified":"2026-02-10T13:21:00","modified_gmt":"2026-02-10T11:21:00","slug":"peaparg-wine","status":"publish","type":"product","link":"https:\/\/www.decorento.ee\/pood\/toode\/peaparg-wine\/","title":{"rendered":"Peap\u00e4rg &#8216;WINE&#8217;"},"content":{"rendered":"<h3>Peap\u00e4rg dekoratiiv- ehk kunstlilledest<\/h3>\n<p>T\u00e4htsa p\u00e4eva eriline lilleilu. Pulmap\u00e4eval on oluline iga v\u00e4iksem detail ja elegantne peap\u00e4rg kunstlilledest on kindlasti pilkup\u00fc\u00fcdev lisa. Kunstlilled kestavad muutumatult kaunina aastaid &#8211; ei pea kartma et lillekaunistus n\u00e4rtsib peop\u00e4eva jooksul. Sobib ilupildistamisele, t\u00fcdrukute\u00f5htule, lilleneiule ja kingituseks pruutneitsidele.<br \/>\nPeap\u00e4rg on on valminud k\u00e4sit\u00f6\u00f6na DecoRento Stuudios. Kui on aksessuaaride osas erisoove siis kirjuta julgelt\u00a0 info@decorento.ee ja teeme sinu m\u00f5tted teoks!<\/p>\n<p>Et olla kursis meie tegemistega ja saada inspiratsiooni j\u00e4lgi meid <a href=\"https:\/\/www.instagram.com\/decorento.ee.pood\/\" target=\"_blank\" rel=\"noopener\">instagramis<\/a><\/p>\n","protected":false},"excerpt":{"rendered":"<p>Pilkup\u00fc\u00fcdlev peap\u00e4rg dekoratiiv- ehk kunstlilledest punastes-tumelillades toonides. Kunstlilled kestavad muutumatult kaunina aastaid ja j\u00e4\u00e4vad ilusaks suveniiriks ja m\u00e4lesutseks t\u00e4htsast p\u00e4evast v\u00e4ga pikaks ajaks.<\/p>\n<p><strong>P\u00e4rja m\u00f5\u00f5dud:<\/strong> D 30 cm x 9 cm, sisediameeter 17 cm<\/p>\n<p><strong>PANE T\u00c4HELE:<\/strong><\/p>\n<ul>\n<li>Olenevalt ekraani seadetest v\u00f5ivad reaalsed toonid pildist veidi erineda.<\/li>\n<li>Pane t\u00e4hele, et isegi siis, kui kasutame samu materjale, iga kompositsioon on k\u00e4sit\u00f6\u00f6, seega\u00a0\u00a0see v\u00f5ib veidi erineda pildist.<\/li>\n<li>Tellimuse t\u00f6\u00f6tlemine ja v\u00e4ljasaatmine v\u00f5tab aega kuni 3 t\u00f6\u00f6p\u00e4eva.<\/li>\n<\/ul>\n<p>Hinna sisse kuulub toote pakendamine transpordiks. V\u00f5imalik saatmine pakiatomaadiga.<\/p>\n<p>&nbsp;<\/p>\n<p>&nbsp;<\/p>\n","protected":false},"featured_media":5072,"template":"","meta":[],"product_brand":[],"product_cat":[127,134,133,131],"product_tag":[],"class_list":{"0":"post-5069","1":"product","2":"type-product","3":"status-publish","4":"has-post-thumbnail","6":"product_cat-erihind","7":"product_cat-pulmad","8":"product_cat-aksessuaarid","9":"product_cat-sunnipaev","11":"first","12":"instock","13":"sale","14":"taxable","15":"shipping-taxable","16":"purchasable","17":"product-type-simple"},"_links":{"self":[{"href":"https:\/\/www.decorento.ee\/pood\/wp-json\/wp\/v2\/product\/5069","targetHints":{"allow":["GET"]}}],"collection":[{"href":"https:\/\/www.decorento.ee\/pood\/wp-json\/wp\/v2\/product"}],"about":[{"href":"https:\/\/www.decorento.ee\/pood\/wp-json\/wp\/v2\/types\/product"}],"wp:featuredmedia":[{"embeddable":true,"href":"https:\/\/www.decorento.ee\/pood\/wp-json\/wp\/v2\/media\/5072"}],"wp:attachment":[{"href":"https:\/\/www.decorento.ee\/pood\/wp-json\/wp\/v2\/media?parent=5069"}],"wp:term":[{"taxonomy":"product_brand","embeddable":true,"href":"https:\/\/www.decorento.ee\/pood\/wp-json\/wp\/v2\/product_brand?post=5069"},{"taxonomy":"product_cat","embeddable":true,"href":"https:\/\/www.decorento.ee\/pood\/wp-json\/wp\/v2\/product_cat?post=5069"},{"taxonomy":"product_tag","embeddable":true,"href":"https:\/\/www.decorento.ee\/pood\/wp-json\/wp\/v2\/product_tag?post=5069"}],"curies":[{"name":"wp","href":"https:\/\/api.w.org\/{rel}","templated":true}]}}