{"id":5204,"date":"2025-04-08T11:07:53","date_gmt":"2025-04-08T08:07:53","guid":{"rendered":"https:\/\/www.decorento.ee\/pood\/?post_type=product&#038;p=5204"},"modified":"2026-02-10T13:21:32","modified_gmt":"2026-02-10T11:21:32","slug":"lilleseade-praisekauasailivatetaimedega","status":"publish","type":"product","link":"https:\/\/www.decorento.ee\/pood\/toode\/lilleseade-praisekauasailivatetaimedega\/","title":{"rendered":"Lilleseade &#8216;PRAISE&#8217; kauas\u00e4ilivate taimedega"},"content":{"rendered":"<p class=\"p1\"><span style=\"vertical-align: inherit;\">Oma kimpudes ja seadetes kasutame k\u00f5rgkvaliteedseid stabiliseeritud lilli ja taimi Jaapani \u00fchelt k\u00f5ige tuntumalt ja pikema ajalooga uinuvate taimede tootjalt. Uinuvate ehk stabiliseeritud taimede n\u00e4ol on tegemist naturaalsete elustaimedega, mille t\u00f6\u00f6tlemisel on kasutatud spetsiaalset tehnoloogiat, mis tagab taimede pikaaegse s\u00e4ilimise, v\u00e4rskuse ja kauni v\u00e4limuse lausa aastateks. Stabiliseeritud lillede ja taimede keskmine eluiga on 3-5 aastat.<\/span><\/p>\n<h2 class=\"p1\"><span style=\"vertical-align: inherit;\">LILLESEADE KAUAS\u00c4ILIVATE TAIMEDEGA: HOOLDAMISJUHEND<\/span><\/h2>\n<ul class=\"ul1\">\n<li class=\"li1\"><span style=\"vertical-align: inherit;\">V\u00e4ltige vee sattumist taimedele, lehtedele v\u00f5i hoiuanumasse (lillealus, vaas vm)<\/span><\/li>\n<li class=\"li1\"><span style=\"vertical-align: inherit;\">V\u00e4ltige otsest p\u00e4ikesevalgust ning \u00e4rge hoidke taimi aknalaual<\/span><\/li>\n<li class=\"li1\"><span style=\"vertical-align: inherit;\">\u00c4rge hoidke stabiliseeritud taimi k\u00f5rge \u00f5huniiskusega ruumides (vannitoad, saunad, basseinid jne). Optimaalne \u00f5huniiskus peaks olema alla 80%<\/span><\/li>\n<li class=\"li1\"><span style=\"vertical-align: inherit;\">Optimaalne toatemperatuur peaks j\u00e4\u00e4ma vahemikku +5 kuni + 35 \u00b0. Samuti on soovitatav v\u00e4ltida j\u00e4rske temperatuurimuutusi<\/span><\/li>\n<li class=\"li1\"><span style=\"vertical-align: inherit;\">Soovi korral saab aeg-ajalt tolmu p\u00fchkida f\u00f6\u00f6ni k\u00fclma \u00f5hu funktsiooniga<\/span><\/li>\n<li class=\"li1\"><span style=\"vertical-align: inherit;\">Proovige v\u00f5imalusel taimi mitte katsuda<\/span><\/li>\n<li class=\"li1\"><span style=\"vertical-align: inherit;\">Stabiliseeritud \u00f5itel v\u00f5ivad tootmise erip\u00e4ra t\u00f5ttu olla kroonlehtedes kortsud ja praod. Seda ei peeta toote defektiks<\/span><\/li>\n<\/ul>\n","protected":false},"excerpt":{"rendered":"<p class=\"p1\">Lilled v\u00e4\u00e4rtustavad hetke! V\u00e4ike, kuid kaunis seade on v\u00e4ga mugav lilleline kingitus. Sobib \u00fcllatuseks l\u00e4hedeasele, soolaleivaks,\u00a0 t\u00e4nuavalduseks v\u00f5i hoopis kolleegile s\u00fcnnip\u00e4evaks.<\/p>\n<p class=\"p1\">Ergas lilleseade saadaval kolmes v\u00e4rvigammas ja kolme erineva potiga.<\/p>\n<p><strong>M\u00f5\u00f5dud:<\/strong> u 20 cm x 18 cm, <strong>keraamiline pott<\/strong> 6 cm x 8 cm<br \/>\n<strong>Keraamika v\u00e4rvid:<\/strong> helesinine pruuniga \/ tumesinine pruuniga \/ roheline pruuniga<\/p>\n<p>Hinna sisse kuulub seade pakendamine transpordiks, soovi korral saab lisatasu eest pakendada ka kingitusena.<\/p>\n<p class=\"p1\"><strong>PANE T\u00c4HELE:<\/strong><\/p>\n<ul>\n<li class=\"p1\">Olenevalt ekraani seadetest v\u00f5ivad reaalsed toonid pildist veidi erineda.<\/li>\n<li class=\"p1\">Isegi siis, kui kasutame samu materjale, iga kompositsioon on k\u00e4sit\u00f6\u00f6, seega<span class=\"Apple-converted-space\">\u00a0\u00a0<\/span>see v\u00f5ib veidi erineda pildist.<\/li>\n<li class=\"p1\"><span class=\"Apple-converted-space\">Tellimuse t\u00f6\u00f6tlemine ja v\u00e4ljasaatmine v\u00f5tab aega kuni 3 t\u00f6\u00f6p\u00e4eva.\u00a0<\/span><\/li>\n<\/ul>\n","protected":false},"featured_media":5207,"template":"","meta":[],"product_brand":[],"product_cat":[127,99],"product_tag":[203,181,186,213,167,163,162,229,184,171,173,161],"class_list":{"0":"post-5204","1":"product","2":"type-product","3":"status-publish","4":"has-post-thumbnail","6":"product_cat-erihind","7":"product_cat-uinuvadseaded","8":"product_tag-interjloori","9":"product_tag-interjoor","10":"product_tag-kauapusivad-taimed","11":"product_tag-kimp","12":"product_tag-kingiidee","13":"product_tag-kingitus","14":"product_tag-kodusisustus","15":"product_tag-koolilopetamiseks","16":"product_tag-kuivad-lilled","17":"product_tag-kuivatatud-lilled","18":"product_tag-sisustus","19":"product_tag-uinuvad-lilled","21":"first","22":"instock","23":"sale","24":"taxable","25":"shipping-taxable","26":"purchasable","27":"product-type-variable"},"_links":{"self":[{"href":"https:\/\/www.decorento.ee\/pood\/wp-json\/wp\/v2\/product\/5204","targetHints":{"allow":["GET"]}}],"collection":[{"href":"https:\/\/www.decorento.ee\/pood\/wp-json\/wp\/v2\/product"}],"about":[{"href":"https:\/\/www.decorento.ee\/pood\/wp-json\/wp\/v2\/types\/product"}],"wp:featuredmedia":[{"embeddable":true,"href":"https:\/\/www.decorento.ee\/pood\/wp-json\/wp\/v2\/media\/5207"}],"wp:attachment":[{"href":"https:\/\/www.decorento.ee\/pood\/wp-json\/wp\/v2\/media?parent=5204"}],"wp:term":[{"taxonomy":"product_brand","embeddable":true,"href":"https:\/\/www.decorento.ee\/pood\/wp-json\/wp\/v2\/product_brand?post=5204"},{"taxonomy":"product_cat","embeddable":true,"href":"https:\/\/www.decorento.ee\/pood\/wp-json\/wp\/v2\/product_cat?post=5204"},{"taxonomy":"product_tag","embeddable":true,"href":"https:\/\/www.decorento.ee\/pood\/wp-json\/wp\/v2\/product_tag?post=5204"}],"curies":[{"name":"wp","href":"https:\/\/api.w.org\/{rel}","templated":true}]}}