{"id":5817,"date":"2026-03-31T15:22:35","date_gmt":"2026-03-31T12:22:35","guid":{"rendered":"https:\/\/www.decorento.ee\/pood\/?post_type=product&#038;p=5817"},"modified":"2026-04-01T12:31:33","modified_gmt":"2026-04-01T09:31:33","slug":"klaasistlillekarp-candysplash","status":"publish","type":"product","link":"https:\/\/www.decorento.ee\/pood\/toode\/klaasistlillekarp-candysplash\/","title":{"rendered":"Uinuvad lilled: klaasist lillekarp &#8216;CANDY SPLASH&#8217;"},"content":{"rendered":"<h3>Uinuvad lilled: klaasist lillekarp &#8216;CANDY SPLASH&#8217;<\/h3>\n<p>Unikaalne klaasist lillekarp kauap\u00fcsivate taimedega on eriline kingitus. Uinuvad lilled p\u00fcsivad muutumatult kaunina aastaid ja r\u00f5\u00f5mustavad saajat uskumatult pikka aega. Klaasist lillekarp &#8216;WHITE&#8217; on silmapaistev ja originaalne sisustuselement kaasaegse interj\u00f6\u00f6ri dekoreerimiseks.<br \/>\nKlaasist lillekarp uinuvate lilledega on Eesti k\u00e4sit\u00f6\u00f6, iga lillekarp on ainulaadne kunstiteos.<\/p>\n<p>Kogu lillekarpide valikuga saab tutvuda <a href=\"https:\/\/www.decorento.ee\/pood\/tootekategooria\/lillekarbid-2\/\">siin:(LINK)<\/a><\/p>\n<h3 class=\"p1\"><span style=\"vertical-align: inherit;\">Mis on uinuvad lilled?<\/span><\/h3>\n<ul>\n<li>Uinuvad ehk stabiliseeritud lilled on naturaalsed elustaimed, mis p\u00fcsivad keskmiselt 3 aastat.<\/li>\n<li>Ehtsad lilled on t\u00f6\u00f6deldud spetsiaalse tehnnoloogia abil. Taimede loomulik niiksus eemaldatakse ja asendatakse s\u00e4ilitusainetega gl\u00fctseriini baasil, mis tagavad taimede<span style=\"vertical-align: inherit;\"> pikaaegse s\u00e4ilimise, v\u00e4rskuse ja kauni v\u00e4limuse lausa aastateks.<\/span><\/li>\n<li><span class=\"Y2IQFc\" lang=\"et\">Iga lill l\u00e4bib range valiku vastavalt teatud kriteeriumidele, punga suurusele ja kvaliteedile. Seej\u00e4rel pleegitatakse l\u00f5igatud ehtne taim v\u00e4rvituks. See protsess v\u00f5tab mitu p\u00e4eva aega. P\u00e4rast seda valitakse igale lillele oma v\u00e4rv ja koostatakse v\u00e4rvivalem. T\u00e4nu sellele protsessile on saadaval peaaegu iga vikerkaarev\u00e4rvi lille &#8211; looduslikust kuni k\u00f5ige s\u00e4ravama ja ebatavalisemani.<\/span><\/li>\n<li>Lahus, millega taimi stabiliseerimisprotsessi ajal t\u00f6\u00f6deldakse, on absoluutselt ohutu nii inimestele kui loomadele. K\u00f5ik tooted l\u00e4bivad erinevaid katseid ja peavad olema sertifitseeritud enne m\u00fc\u00fcgipunktidesse saatmist.<\/li>\n<li><span class=\"Y2IQFc\" lang=\"et\">H\u00fcpoallergeenne. Erinevalt tavalistest lilledest, mille \u00f5ietolm v\u00f5ib p\u00f5hjustada allergiat, on s\u00e4ilitatud lilled t\u00e4iesti h\u00fcpoallergeensed.<\/span><\/li>\n<li>Stabiliseeritud taimed ei vaja hoolt, vett ega p\u00e4ikest. Uinuvad rohelised taimed on suurep\u00e4rane lahendus pimedasse v\u00f5i kunstliku valgusega ruumi.<\/li>\n<li>Uinuvad lilled on suurep\u00e4rane sisustuselement ja kaunis kingitus, mis r\u00f5\u00f5mustab saajat uskumatult pikka aega.<\/li>\n<\/ul>\n<p class=\"p1\"><span style=\"vertical-align: inherit;\">Oma t\u00f6\u00f6s kasutame k\u00f5rgkvaliteetseid stabiliseeritud lilli ja taimi Jaapani \u00fchelt k\u00f5ige tuntumalt ja pikema ajalooga uinuvate taimede tootjalt. Teeme pidevat koost\u00f6\u00f6d, et pakkuda Eesti turul k\u00f5ige laiemat uinuvate taimede valikut.\u00a0<\/span><\/p>\n<p>K\u00f5ik seaded, kimbud ja kompositsioonid on valmistatud Eestis, DecoRento stuudios. Erisoovide puhul kirjuta info@decorento.ee ja teeme sinu idee teoks!<\/p>\n<h3 class=\"p1\"><span style=\"vertical-align: inherit;\">Uinuvad lilled: Klaasist lillekarp &#8216;CANDY SPLASH&#8217;:<br \/>\n<\/span><span style=\"vertical-align: inherit;\">HOOLDAMISJUHEND<\/span><\/h3>\n<ul class=\"ul1\">\n<li class=\"li1\"><span style=\"vertical-align: inherit;\">V\u00e4ltige vee sattumist taimedele, lehtedele v\u00f5i hoiuanumasse.<\/span><\/li>\n<li class=\"li1\"><span style=\"vertical-align: inherit;\">V\u00e4ltige otsest p\u00e4ikesevalgust ning \u00e4rge hoidke taimi aknalaual.<\/span><\/li>\n<li class=\"li1\"><span style=\"vertical-align: inherit;\">\u00c4rge hoidke stabiliseeritud taimi k\u00f5rge \u00f5huniiskusega ruumides, nagu n\u00e4iteks vannitoad, saunad ja basseinid. \u00d5huniiskus peaks olema alla 80%<\/span><\/li>\n<li class=\"li1\"><span style=\"vertical-align: inherit;\">Optimaalne toatemperatuur peaks j\u00e4\u00e4ma vahemikku +5 kuni + 35 \u00b0. Samuti on soovitatav v\u00e4ltida j\u00e4rske temperatuurimuutusi<\/span><\/li>\n<li class=\"li1\"><span style=\"vertical-align: inherit;\">Soovi korral saab lilledelt aeg-ajalt \u00f5rnalt tolmu p\u00fchkida f\u00f6\u00f6ni k\u00fclma \u00f5hu funktsiooniga v\u00f5i pehme pintsliga.<\/span><\/li>\n<li class=\"li1\"><span style=\"vertical-align: inherit;\">Proovige taimi v\u00f5imalikult v\u00e4he katsuda. <\/span><\/li>\n<li class=\"li1\"><span style=\"vertical-align: inherit;\">Stabiliseeritud \u00f5itel v\u00f5ivad tootmise erip\u00e4ra t\u00f5ttu olla kroonlehtedes kortsud ja praod. Seda ei peeta toote defektiks.\u00a0<\/span><\/li>\n<\/ul>\n<p>Uinuvad taimed &#8211; suurep\u00e4rane kingiidee, mis r\u00f5\u00f5mustab saajat eriti pikka aega! Meie e-poest leiad laia valiku lillekarpe, kompositsioone ja lillekimpe erinevateks t\u00e4htp\u00e4evadeks igale maitsele.<br \/>\nPildiraamid uinuvate \u00f5itega sobivad kingituseks aastap\u00e4vaks, pulmakingiks v\u00f5i beebi s\u00fcnni puhul. Erinevad kimbud ja rikkalikud klaaskarbid on ideaalsed kingitused s\u00fcnnip\u00e4evaks, naistep\u00e4evaks, s\u00f5brap\u00e4evaks v\u00f5i hoopis v\u00e4rskele l\u00f5petajale.<\/p>\n<p>Oled v\u00e4sinud otsimast iga n\u00e4dal kimpe, et \u00f5nnitleda oma firma t\u00f6\u00f6tajaid? V\u00e4ike klaaskarp v\u00f5i klaaskuul kauas\u00e4iivate lillede ja taimedega on hea \u00e4rikingi idee, sest nii on sul \u00fcks mure v\u00e4hem &#8211; saad kasv\u00f5i terve aastavaru ette osta! Lisaks on see ilus ja eriline kingitus \u00e4ripartnerile.<\/p>\n<p>Stabiliseeritud lilled, uinuvad ja kuivatatud taimed on suurep\u00e4rased sisustustuselemendid. Efektsed kompositsioonid, kimbud ja p\u00e4rjad annavad lisav\u00e4\u00e4rtuse igale interj\u00f6\u00f6rile. Kvaliteetsed uinuvad lilli on raske eristada eluslilledest, nende eelis on uskumatult pikk p\u00fcsivus ja see, et need ei vaja absoluutselt mitte mingit hoolt.<\/p>\n<p>Et olla kursis meie tegemistega j\u00e4lgi meid<a href=\"https:\/\/www.instagram.com\/decorento.ee.pood\/\" target=\"_blank\" rel=\"noopener\"> Instagramis <\/a><\/p>\n","protected":false},"excerpt":{"rendered":"<p class=\"p1\">Luksuslik klaasist lillekarp naturaalsete uinuvate lilledega on unikaalne Eestis k\u00e4sitsi valmistatud kunstiteos. Stabiliseeritud \u00f5ied p\u00fcsivad muutumatult kaunina aastaid! Suurep\u00e4rane kingiidee eriliseks t\u00e4htp\u00e4evaks mis toob saajale r\u00f5\u00f5mu eriti pikka aega.<\/p>\n<p><strong>Taimekoostis:<\/strong> uinuvad roosid, uinuv zinnia, eukal\u00fcpt ja parukapuu, s\u00f5najalg , grevillea, riisilill, lina, uinuv hortensia ja muud taimed.<br \/>\n<strong>Klaaskarbi suurus:<\/strong>\u00a010.5 cm x 10.5 cm\u00a0 x 10.5 cm<br \/>\n<strong>V\u00e4rv:<\/strong>\u00a0must<\/p>\n<p><strong>PANE T\u00c4HELE:<\/strong><\/p>\n<ul>\n<li>Olenevalt ekraani seadetest v\u00f5ivad reaalsed toonid pildist veidi erineda.<\/li>\n<li>Pane t\u00e4hele, et isegi siis, kui kasutame samu materjale, iga kompositsioon on k\u00e4sit\u00f6\u00f6, seega\u00a0\u00a0see v\u00f5ib veidi erineda pildist.<\/li>\n<li>Tellimuse t\u00f6\u00f6tlemine ja v\u00e4ljasaatmine v\u00f5tab aega kuni 3 t\u00f6\u00f6p\u00e4eva.<\/li>\n<\/ul>\n","protected":false},"featured_media":5821,"template":"","meta":[],"product_brand":[],"product_cat":[127,135],"product_tag":[],"class_list":{"0":"post-5817","1":"product","2":"type-product","3":"status-publish","4":"has-post-thumbnail","6":"product_cat-erihind","7":"product_cat-klaaskarbid","9":"first","10":"outofstock","11":"sale","12":"taxable","13":"shipping-taxable","14":"purchasable","15":"product-type-simple"},"_links":{"self":[{"href":"https:\/\/www.decorento.ee\/pood\/wp-json\/wp\/v2\/product\/5817","targetHints":{"allow":["GET"]}}],"collection":[{"href":"https:\/\/www.decorento.ee\/pood\/wp-json\/wp\/v2\/product"}],"about":[{"href":"https:\/\/www.decorento.ee\/pood\/wp-json\/wp\/v2\/types\/product"}],"wp:featuredmedia":[{"embeddable":true,"href":"https:\/\/www.decorento.ee\/pood\/wp-json\/wp\/v2\/media\/5821"}],"wp:attachment":[{"href":"https:\/\/www.decorento.ee\/pood\/wp-json\/wp\/v2\/media?parent=5817"}],"wp:term":[{"taxonomy":"product_brand","embeddable":true,"href":"https:\/\/www.decorento.ee\/pood\/wp-json\/wp\/v2\/product_brand?post=5817"},{"taxonomy":"product_cat","embeddable":true,"href":"https:\/\/www.decorento.ee\/pood\/wp-json\/wp\/v2\/product_cat?post=5817"},{"taxonomy":"product_tag","embeddable":true,"href":"https:\/\/www.decorento.ee\/pood\/wp-json\/wp\/v2\/product_tag?post=5817"}],"curies":[{"name":"wp","href":"https:\/\/api.w.org\/{rel}","templated":true}]}}